{"id":9,"date":"2020-02-10T15:43:50","date_gmt":"2020-02-10T14:43:50","guid":{"rendered":"http:\/\/www.werner-raetz.de\/?page_id=9"},"modified":"2026-04-08T17:08:10","modified_gmt":"2026-04-08T15:08:10","slug":"startseite","status":"publish","type":"page","link":"https:\/\/www.werner-raetz.de\/","title":{"rendered":"Startseite"},"content":{"rendered":"\r\n<h1 class=\"wp-block-heading\">Herzlich Willkommen<\/h1>\r\n\r\n\r\n\r\n<p>auf meiner Webseite.<\/p>\r\n\r\n\r\n\r\n<p>Ihr findet hier verschiedene Arbeiten von mir, im Wesentlichen<\/p>\r\n\r\n\r\n\r\n<ul class=\"wp-block-list\">\r\n<li>Texte<\/li>\r\n<li>Vortr\u00e4ge<\/li>\r\n<li>Kochrezepte und Menus<\/li>\r\n<li>aktuelle Aktivit\u00e4ten<\/li>\r\n<\/ul>\r\n\r\n\r\n\r\n<p>All das steht euch zur Verf\u00fcgung, wenn ihr ein paar Regeln einhaltet. Bei der Weiterverwendung, anderweitigen Ver\u00f6ffentlichung oder sonstigen Benutzung von Texten m\u00f6chte ich vorher gefragt werden. F\u00fcr Vortr\u00e4ge und Essenszubereitung stehe ich zur Verf\u00fcgung. An allen politischen Aktivit\u00e4ten d\u00fcrft und sollt ihr euch flei\u00dfig beteiligen.<\/p>\r\n<p>Die letzte \u00c4nderung auf dieser Seite erfolgte am 8.4.2026.<\/p>\r\n","protected":false},"excerpt":{"rendered":"<p>Herzlich Willkommen auf meiner Webseite. Ihr findet hier verschiedene Arbeiten von mir, im Wesentlichen Texte Vortr\u00e4ge Kochrezepte und Menus aktuelle Aktivit\u00e4ten All das steht euch zur Verf\u00fcgung, wenn ihr ein paar Regeln einhaltet. Bei der Weiterverwendung, anderweitigen Ver\u00f6ffentlichung oder sonstigen Benutzung von Texten m\u00f6chte ich vorher gefragt werden. F\u00fcr Vortr\u00e4ge und Essenszubereitung stehe ich zur&#8230;<\/p>\n","protected":false},"author":1,"featured_media":0,"parent":0,"menu_order":0,"comment_status":"closed","ping_status":"closed","template":"","meta":{"footnotes":""},"class_list":["post-9","page","type-page","status-publish","hentry"],"_links":{"self":[{"href":"https:\/\/www.werner-raetz.de\/index.php?rest_route=\/wp\/v2\/pages\/9","targetHints":{"allow":["GET"]}}],"collection":[{"href":"https:\/\/www.werner-raetz.de\/index.php?rest_route=\/wp\/v2\/pages"}],"about":[{"href":"https:\/\/www.werner-raetz.de\/index.php?rest_route=\/wp\/v2\/types\/page"}],"author":[{"embeddable":true,"href":"https:\/\/www.werner-raetz.de\/index.php?rest_route=\/wp\/v2\/users\/1"}],"replies":[{"embeddable":true,"href":"https:\/\/www.werner-raetz.de\/index.php?rest_route=%2Fwp%2Fv2%2Fcomments&post=9"}],"version-history":[{"count":771,"href":"https:\/\/www.werner-raetz.de\/index.php?rest_route=\/wp\/v2\/pages\/9\/revisions"}],"predecessor-version":[{"id":4492,"href":"https:\/\/www.werner-raetz.de\/index.php?rest_route=\/wp\/v2\/pages\/9\/revisions\/4492"}],"wp:attachment":[{"href":"https:\/\/www.werner-raetz.de\/index.php?rest_route=%2Fwp%2Fv2%2Fmedia&parent=9"}],"curies":[{"name":"wp","href":"https:\/\/api.w.org\/{rel}","templated":true}]}}