{"id":66,"date":"2020-01-05T17:07:38","date_gmt":"2020-01-05T17:07:38","guid":{"rendered":"https:\/\/werner.nico-wehnemann.de\/?page_id=66"},"modified":"2020-12-20T12:24:42","modified_gmt":"2020-12-20T11:24:42","slug":"lebenslauf","status":"publish","type":"page","link":"https:\/\/www.werner-raetz.de\/?page_id=66","title":{"rendered":"Lebenslauf"},"content":{"rendered":"<div id=\"con-mitte-left\">\n<div id=\"c305\" class=\"csc-default\">\n<h1>Ich wurde 1952 in Daun\/Eifel geboren<\/h1>\n<p>und verbringe seit meiner fr\u00fchen Jugend meine Zeit haupts\u00e4chlich mit Politik. Ich bin engagiert bei der Informationsstelle Lateinamerika in Bonn und vertrete sie seit Herbst 2018 wieder im Koordinierungskreis und Rat von attac Deutschland. Ich habe attac D mit gegr\u00fcndet, soziale Fragen sind von Beginn an mein Schwerpunkt gewesen: Kampagne gegen die Riesterrente, Gesundheit ist keine Ware, Schwerpunkt und AG genug f\u00fcr alle, AG soziale Sicherungssysteme, AG Jenseits des Wachstums, G8-, Blockupy- und G20-Mobilisierung. Ich habe umfassend zu sozialen Fragen und vor allem zum bedingungslosen Grundeinkommen publiziert und bin Mitglied im Netzwerk Grundeinkommen. Ich bin engagiert im Bonner AK gegen Gentechnologie und bei BioSkop. Ich habe Politische Wissenschaft, Philosophie und Geschichte studiert, in sehr verschiedenen Berufen vom Koch bis zum Druckereiarbeiter gearbeitet, als Hausmann vier Kinder gro\u00dfgezogen und bin nun neben meiner Rente immer noch als freiberuflicher Referent t\u00e4tig.<\/p>\n<\/div>\n<\/div>\n<div id=\"con-mitte-left\">\n<div id=\"c367\" class=\"csc-default\">\n<h1>Fotos<\/h1>\n<p>Fotos geh\u00f6ren f\u00fcr mich nicht zu den wichtigsten Dingen im Leben, aber ab und zu ben\u00f6tigen KundInnen oder FreundInnen doch eines.<\/p>\n<p><a class=\"download\" title=\"Initiates file download\" href=\"\/fileadmin\/user_upload\/Lebenslauf\/Werner_Raetz2012_4_SH_.JPG\">Portrait 1<\/a><\/p>\n<p><a class=\"download\" title=\"Initiates file download\" href=\"\/fileadmin\/user_upload\/Lebenslauf\/Werner-Raetz2012_3_SH_.JPG\">Portrait 2\u00a0<\/a><\/p>\n<p><a class=\"download\" title=\"Initiates file download\" href=\"\/fileadmin\/user_upload\/Lebenslauf\/Werner_Raetz2012_2_SH_.JPG\">Portrait 3<\/a><\/p>\n<p><a class=\"download\" title=\"Initiates file download\" href=\"\/fileadmin\/user_upload\/Lebenslauf\/Interview.jpg\">Interview<\/a><\/p>\n<p><a class=\"download\" title=\"Initiates file download\" href=\"\/fileadmin\/user_upload\/wismar_10_2_CIMG1711.JPG\">Vortrag Wismar<\/a><\/p>\n<\/div>\n<\/div>\n","protected":false},"excerpt":{"rendered":"<p>Ich wurde 1952 in Daun\/Eifel geboren und verbringe seit meiner fr\u00fchen Jugend meine Zeit haupts\u00e4chlich mit Politik. Ich bin engagiert bei der Informationsstelle Lateinamerika in Bonn und vertrete sie seit Herbst 2018 wieder im Koordinierungskreis und Rat von attac Deutschland. Ich habe attac D mit gegr\u00fcndet, soziale Fragen sind von Beginn an mein Schwerpunkt gewesen:&#8230;<\/p>\n","protected":false},"author":2,"featured_media":0,"parent":0,"menu_order":0,"comment_status":"closed","ping_status":"closed","template":"","meta":{"footnotes":""},"class_list":["post-66","page","type-page","status-publish","hentry"],"_links":{"self":[{"href":"https:\/\/www.werner-raetz.de\/index.php?rest_route=\/wp\/v2\/pages\/66","targetHints":{"allow":["GET"]}}],"collection":[{"href":"https:\/\/www.werner-raetz.de\/index.php?rest_route=\/wp\/v2\/pages"}],"about":[{"href":"https:\/\/www.werner-raetz.de\/index.php?rest_route=\/wp\/v2\/types\/page"}],"author":[{"embeddable":true,"href":"https:\/\/www.werner-raetz.de\/index.php?rest_route=\/wp\/v2\/users\/2"}],"replies":[{"embeddable":true,"href":"https:\/\/www.werner-raetz.de\/index.php?rest_route=%2Fwp%2Fv2%2Fcomments&post=66"}],"version-history":[{"count":3,"href":"https:\/\/www.werner-raetz.de\/index.php?rest_route=\/wp\/v2\/pages\/66\/revisions"}],"predecessor-version":[{"id":1687,"href":"https:\/\/www.werner-raetz.de\/index.php?rest_route=\/wp\/v2\/pages\/66\/revisions\/1687"}],"wp:attachment":[{"href":"https:\/\/www.werner-raetz.de\/index.php?rest_route=%2Fwp%2Fv2%2Fmedia&parent=66"}],"curies":[{"name":"wp","href":"https:\/\/api.w.org\/{rel}","templated":true}]}}