{"id":64,"date":"2020-01-05T17:06:59","date_gmt":"2020-01-05T17:06:59","guid":{"rendered":"https:\/\/werner.nico-wehnemann.de\/?page_id=64"},"modified":"2020-02-18T19:13:02","modified_gmt":"2020-02-18T18:13:02","slug":"kochbuecher","status":"publish","type":"page","link":"https:\/\/www.werner-raetz.de\/?page_id=64","title":{"rendered":"Kochb\u00fccher"},"content":{"rendered":"<div id=\"con-mitte-left\">\n<div id=\"c301\" class=\"csc-default\">\n<h1>Pankreasdi\u00e4t<\/h1>\n<p>Die Bauchspeicheldr\u00fcse (Pankreas) ist wichtig f\u00fcr den Stoffwechsel des K\u00f6rpers. Wenn sie nicht oder nicht richtig funktioniert, kann Nahrung, besonders Fett und Zucker, nicht abgebaut werden. Die 101 Rezepte in diesem\u00a0<a class=\"download\" title=\"Initiates file download\" href=\"\/fileadmin\/user_upload\/Koch\/kochbuecher\/Kochbuch_Dagmar_komplett.pdf\">Kochbuch\u00a0<\/a>sind f\u00fcr Menschen mit dieser Einschr\u00e4nkung entwickelt worden.<\/p>\n<p>Und\u00a0<a class=\"download\" title=\"Initiates file download\" href=\"\/fileadmin\/user_upload\/Koch\/kochbuecher\/Kochbuch_Dagmar2__16.1.12.pdf\">noch mehr<\/a>\u00a0Rezepte (69)<\/p>\n<\/div>\n<\/div>\n<div id=\"con-mitte-left\">\n<div id=\"c302\" class=\"csc-default\">\n<h1>Einige Lieblingsgerichte<\/h1>\n<p>Essen hat immer einen eigen Charme und keineswegs schmeckt dasselbe Rezept immer gleich, selbst dann nicht, wenn es derselbe Koch mit den gleichen Zutaten zubereitet hat. Geschmack h\u00e4ngt nicht nur vom Material und Rezept ab, sondern auch von Stimmungen und Lebenssituation der Essenden. Dennoch gibt es\u00a0<a class=\"download\" title=\"Initiates file download\" href=\"\/fileadmin\/user_upload\/Koch\/kochbuecher\/lieblingsgerichte.pdf\">Lieblingsgerichte<\/a>. Das hier sind einige davon.<\/p>\n<\/div>\n<\/div>\n","protected":false},"excerpt":{"rendered":"<p>Pankreasdi\u00e4t Die Bauchspeicheldr\u00fcse (Pankreas) ist wichtig f\u00fcr den Stoffwechsel des K\u00f6rpers. Wenn sie nicht oder nicht richtig funktioniert, kann Nahrung, besonders Fett und Zucker, nicht abgebaut werden. Die 101 Rezepte in diesem\u00a0Kochbuch\u00a0sind f\u00fcr Menschen mit dieser Einschr\u00e4nkung entwickelt worden. Und\u00a0noch mehr\u00a0Rezepte (69) Einige Lieblingsgerichte Essen hat immer einen eigen Charme und keineswegs schmeckt dasselbe Rezept&#8230;<\/p>\n","protected":false},"author":2,"featured_media":0,"parent":58,"menu_order":0,"comment_status":"closed","ping_status":"closed","template":"","meta":{"footnotes":""},"class_list":["post-64","page","type-page","status-publish","hentry"],"_links":{"self":[{"href":"https:\/\/www.werner-raetz.de\/index.php?rest_route=\/wp\/v2\/pages\/64","targetHints":{"allow":["GET"]}}],"collection":[{"href":"https:\/\/www.werner-raetz.de\/index.php?rest_route=\/wp\/v2\/pages"}],"about":[{"href":"https:\/\/www.werner-raetz.de\/index.php?rest_route=\/wp\/v2\/types\/page"}],"author":[{"embeddable":true,"href":"https:\/\/www.werner-raetz.de\/index.php?rest_route=\/wp\/v2\/users\/2"}],"replies":[{"embeddable":true,"href":"https:\/\/www.werner-raetz.de\/index.php?rest_route=%2Fwp%2Fv2%2Fcomments&post=64"}],"version-history":[{"count":1,"href":"https:\/\/www.werner-raetz.de\/index.php?rest_route=\/wp\/v2\/pages\/64\/revisions"}],"predecessor-version":[{"id":224,"href":"https:\/\/www.werner-raetz.de\/index.php?rest_route=\/wp\/v2\/pages\/64\/revisions\/224"}],"up":[{"embeddable":true,"href":"https:\/\/www.werner-raetz.de\/index.php?rest_route=\/wp\/v2\/pages\/58"}],"wp:attachment":[{"href":"https:\/\/www.werner-raetz.de\/index.php?rest_route=%2Fwp%2Fv2%2Fmedia&parent=64"}],"curies":[{"name":"wp","href":"https:\/\/api.w.org\/{rel}","templated":true}]}}