{"id":54,"date":"2020-01-05T17:04:18","date_gmt":"2020-01-05T17:04:18","guid":{"rendered":"https:\/\/werner.nico-wehnemann.de\/?page_id=54"},"modified":"2025-12-06T16:27:36","modified_gmt":"2025-12-06T15:27:36","slug":"praesentationen","status":"publish","type":"page","link":"https:\/\/www.werner-raetz.de\/?page_id=54","title":{"rendered":"Pr\u00e4sentationen"},"content":{"rendered":"<div id=\"con-mitte-left\">\n<div id=\"c308\" class=\"csc-default\">\n<h1>Bedingungsloses Grundeinkommen<\/h1>\n<ul>\n<li><a href=\"http:\/\/www.werner-raetz.de\/wp-content\/uploads\/2025\/07\/Universelles-Sozialsystem-2025_6.pdf\">Universelles Sozialsystem<\/a>, Onlineseminar Netzwerk care revolution, 24.6.2025 (mit Ronald Blaschke, Elfriede Harth, Hardy Krampertz und Dagmar Paternoga)<\/li>\n<li><a href=\"http:\/\/www.werner-raetz.de\/wp-content\/uploads\/2024\/11\/nachhaltig-genug.pdf\">Genug f\u00fcr alle auch innerhalb der planetaren Grenzen?<\/a> Onlineseminar am 27.11.2024<\/li>\n<li><a href=\"http:\/\/www.werner-raetz.de\/wp-content\/uploads\/2024\/07\/bge-baustein-klimgerechtigkeit.ppt\">BGE und sozial\u00f6kologische Transformation<\/a>, Vorstellung der gleichnamigen Brosch\u00fcre in der Reihe &#8222;Baustein f\u00fcr Klimagerechtigkeit&#8220; am 6.7.2024 bei der Mitgliederversammlung des Netzwerks Grundeinkommen in Leipzig<\/li>\n<li><a href=\"http:\/\/www.werner-raetz.de\/wp-content\/uploads\/2023\/11\/bge_sozialismus.pdf\">BGE und Sozialismus<\/a> Onlineseminar am 11.10.2023<\/li>\n<li>\u00a0<a href=\"http:\/\/www.werner-raetz.de\/wp-content\/uploads\/2023\/04\/bge-arme-laender.pdf\">BGE und arm gemachte L\u00e4nder<\/a> Onlineseminar am 5.5.2023<\/li>\n<li><a href=\"http:\/\/www.werner-raetz.de\/wp-content\/uploads\/2022\/01\/bge-foej-2021.pdf\">Workshop BGE<\/a> F\u00f6J Niedersachsen 21.1.2022<\/li>\n<li><a href=\"http:\/\/www.werner-raetz.de\/wp-content\/uploads\/2021\/06\/web-mindestSicherung-EU.pdf\">(Mindest)Sicherung in der EU<\/a>, Onlineseminar am 2.6.2021<\/li>\n<li><a href=\"http:\/\/www.werner-raetz.de\/wp-content\/uploads\/2021\/02\/bge-gfa-modell-kab-1_21.ppt\">BGE-Modell der AG<\/a> genug f\u00fcr alle, Onlineseminar der KAB Paderborn am 30.1.2021<\/li>\n<li><a href=\"http:\/\/www.werner-raetz.de\/wp-content\/uploads\/2020\/12\/Onlineseminar-BGE-Migration.pdf\">BGE und Migration<\/a>, Onlineseminar am 2.12.2020<\/li>\n<li>Europ\u00e4ische B\u00fcrgerinitiative (<a href=\"http:\/\/www.werner-raetz.de\/wp-content\/uploads\/2020\/09\/EBI-deutsch_20-09-20.pdf\">EBI<\/a>) bedingungslose Grundeinkommen 2020-2021<\/li>\n<li><a href=\"http:\/\/www.werner-raetz.de\/wp-content\/uploads\/2020\/09\/bge-jetzt-wien-9_2020.pdf\">bge jetzt<\/a>, Pr\u00e4sentation zum Podium am 16.9.2020 in M\u00f6dling<\/li>\n<li><a href=\"http:\/\/www.werner-raetz.de\/wp-content\/uploads\/2020\/09\/Web-Menschenrecht.ppt\">BGE als Menschenrecht<\/a>, Onlineseminar am 9.9.2020<\/li>\n<li><a href=\"http:\/\/www.werner-raetz.de\/wp-content\/uploads\/2020\/08\/gsr-workshop-zfa-2020.pdf\">Globale Soziale Rechte<\/a>, Workshop beim Onlinekongress &#8222;Zukunft f\u00fcr alle&#8220; am 27.8.2020<\/li>\n<li><a href=\"http:\/\/www.werner-raetz.de\/wp-content\/uploads\/2020\/07\/Web-finanzierung-20_7.pdf\">Finanzierung eines BGE<\/a>, Onlineseminar am 1.7.2020<\/li>\n<li><a class=\"download\" title=\"Initiates file download\" href=\"\/fileadmin\/user_upload\/Referent\/ppt\/bge_alternative_hartz_11_19.ppt\">BGE als Alternative zu Hartz IV<\/a> Pr\u00e4sentation zum Vortrag in Erfurt am 19. November 2019<\/li>\n<li><a class=\"download\" title=\"Initiates file download\" href=\"\/fileadmin\/user_upload\/Referent\/ppt\/bge_projekt_bremen_18_11.ppt\">BGE-Projekte<\/a> &#8211; naiver Wunschtraum oder sinnvolle Vorarbeit? Pr\u00e4sentation zum Vortrag in Bremen am 6.11.2018<\/li>\n<li><a href=\"http:\/\/www.werner-raetz.de\/wp-content\/uploads\/2021\/11\/DigiBGE-Noteroeffnung.pdf\">Digitalisierung? Grundeinkommen!<\/a> Er\u00f6ffnung der gleichnamigen Tagung am 25.5.2018 in Frankfurt<\/li>\n<li><a href=\"http:\/\/www.werner-raetz.de\/wp-content\/uploads\/2020\/06\/bge-Rechtspopulismus-bremen-2017.pdf\">bge &amp; Rechtspopulismus bremen 2017<\/a>, Pr\u00e4sentation zum Vortrag in Bremen am 18. September 2017<\/li>\n<li><a class=\"download\" title=\"Initiates file download\" href=\"\/fileadmin\/user_upload\/Referent\/ppt\/W._Raetz_UBI.ppt\">Unconditional basic income<\/a>, Vortrag ESU 2017 Toulouse<\/li>\n<li>bge als <a href=\"http:\/\/www.werner-raetz.de\/wp-content\/uploads\/2020\/09\/bge_als_Menschenrecht_Bremen_2014-1.pdf\">Menschenrecht<\/a>, Vortrag Bremen September 2014<\/li>\n<li>Sommerakademie 2013:\u00a0<a class=\"download\" title=\"Initiates file download\" href=\"\/fileadmin\/user_upload\/Referent\/ppt\/bge_armut_soak_13.ppt\">bge &amp; armut<\/a>\n<ul>\n<li><a class=\"download\" title=\"Initiates file download\" href=\"\/fileadmin\/user_upload\/Referent\/ppt\/basic_food_soak_13.ppt\">basic food income<\/a><\/li>\n<li><a class=\"download\" title=\"Initiates file download\" href=\"\/fileadmin\/user_upload\/Referent\/ppt\/EBI_soak_13.ppt\">EBI<\/a><\/li>\n<\/ul>\n<\/li>\n<li>Vortrag\u00a0<a class=\"download\" title=\"Initiates file download\" href=\"\/fileadmin\/user_upload\/Referent\/ppt\/W._Raetz_bge_allgemein_neu.ppt\">bge<\/a><\/li>\n<li><a href=\"http:\/\/www.werner-raetz.de\/wp-content\/uploads\/2020\/06\/uct-mit-herbert.ppt\">Namibia<\/a> April 2013; Reise mit Herbert Jauch<\/li>\n<li><a class=\"download\" title=\"Initiates file download\" href=\"\/fileadmin\/user_upload\/Referent\/ppt\/bge_und_krise_bremen.ppt\">bge und Krise<\/a>\u00a0Bremen September 2012<\/li>\n<li><a class=\"download\" title=\"Initiates file download\" href=\"\/fileadmin\/user_upload\/Referent\/ppt\/bge_5_gruende.ppt\">F\u00fcnf Gr\u00fcnde<\/a>\u00a0f\u00fcr ein bge<\/li>\n<\/ul>\n<\/div>\n<\/div>\n<div id=\"con-mitte-left\">\n<div id=\"c565\" class=\"csc-default\">\n<h1>Freihandel<\/h1>\n<ul>\n<li><a class=\"download\" title=\"Initiates file download\" href=\"\/fileadmin\/user_upload\/Referent\/ppt\/freihandel___flucht_leipzig_17_11.ppt\">Freihandel und Flucht<\/a>, Vortrag Leipzig November 2017<\/li>\n<li><a class=\"download\" title=\"Initiates file download\" href=\"\/fileadmin\/user_upload\/Referent\/ppt\/EPAs_bruehl_3_17.ppt\">EPAs<\/a>. Die kleinen Br\u00fcder von CET und TTIP, Vortrag Br\u00fchl M\u00e4rz 2017<\/li>\n<li><a class=\"download\" title=\"Initiates file download\" href=\"\/fileadmin\/user_upload\/Referent\/ppt\/TiSA_Dortmund_11_14.ppt\">Stoppt TiSA!<\/a>\u00a0Vortrag Dortmund November 2014<\/li>\n<\/ul>\n<\/div>\n<\/div>\n<div id=\"con-mitte-left\">\n<div id=\"c641\" class=\"csc-default\">\n<h1>Digitalisierung &amp; Arbeit 4.0<\/h1>\n<ul>\n<li>Vortrag &#8222;<a href=\"http:\/\/www.werner-raetz.de\/wp-content\/uploads\/2020\/10\/vernetzt_verkauft-paderborn-20_10.pdf\">Vernetzt und verkauft?<\/a>\u00a0 Schattenseiten des digitalen Kapitalismus&#8220;, 27.10.2020 in Paderborn<\/li>\n<li>Onlineseminar &#8222;<a href=\"http:\/\/www.werner-raetz.de\/wp-content\/uploads\/2020\/09\/Web-Digitalsierung-20_9_2.ppt\">Digitalsierung? Grundeinkommen!<\/a>&#8220; vom 2.9.2020<\/li>\n<li><a href=\"http:\/\/www.werner-raetz.de\/wp-content\/uploads\/2020\/03\/o\u0308ffentliche-plattformen-entwurf_19.02.2020.pdf\">o\u0308ffentliche plattformen entwurf_19.02.2020<\/a><\/li>\n<li><a href=\"http:\/\/www.werner-raetz.de\/wp-content\/uploads\/2020\/03\/KI-Plattformen-N\u00fcrnberg-20-3.pdf\">KI Plattformen N\u00fcrnberg 20-3<\/a><\/li>\n<li>Vortrag\u00a0<a class=\"download\" title=\"Initiates file download\" href=\"\/fileadmin\/user_upload\/Referent\/ppt\/arbeit_4.0._tuebingen_10_17.ppt\">Arbeit 4.0 in T\u00fcbingen<\/a>\u00a0am 24.10.2017<\/li>\n<\/ul>\n<\/div>\n<\/div>\n<div id=\"con-mitte-left\">\n<div id=\"c459\" class=\"csc-default\">\n<h1>Soziale Frage<\/h1>\n<ul>\n<li><a href=\"http:\/\/www.werner-raetz.de\/wp-content\/uploads\/2025\/05\/antifaschistische-wirtschaftspolitik-5_25.pdf\">Antifaschistische Wirtschaftspolitik<\/a>, Workshop Landesjugendkongress Gr\u00fcne Jugend Bayern am 10.5.2025 in M\u00fcnchen<\/li>\n<li><a href=\"http:\/\/www.werner-raetz.de\/wp-content\/uploads\/2021\/03\/gesundheit-bericht-frs.pdf\">Gesundheitsaktivit\u00e4ten<\/a> (Bericht Ratschlag M\u00e4rz 2021)<\/li>\n<li><a class=\"download\" title=\"Initiates file download\" href=\"\/fileadmin\/user_upload\/Referent\/ppt\/Eu_und_Gesundheit.ppt\">EU und Gesundheit<\/a>\u00a0(mit Manfred Fiedler) Kassel 7.10.2018<\/li>\n<li><a class=\"download\" title=\"Initiates file download\" href=\"\/fileadmin\/user_upload\/Referent\/ppt\/rente_muenster_17_9.ppt\">Wie sicher ist unsere Rente?<\/a>\u00a0M\u00fcnster 5.9.2017<\/li>\n<li><a class=\"download\" title=\"Initiates file download\" href=\"\/fileadmin\/user_upload\/Referent\/ppt\/altersarmut_wuppertal_14_11.ppt\">Altersarmut<\/a>, Wuppertal 24.11.2014<\/li>\n<li><a class=\"download\" title=\"Initiates file download\" href=\"\/fileadmin\/user_upload\/Referent\/ppt\/Prekaere_Arbeit_celle_13_12.ppt\">Prek\u00e4re Arbeit<\/a>, Celle 3.12.2013<\/li>\n<li>Was k\u00f6nnen wir\u00a0<a class=\"download\" title=\"Initiates file download\" href=\"\/fileadmin\/user_upload\/Referent\/ppt\/Chile_Essen_2013.ppt\">von Chile lernen?<\/a>\u00a0Essen 11.9.2013<\/li>\n<li><a class=\"download\" title=\"Initiates file download\" href=\"\/fileadmin\/user_upload\/Referent\/ppt\/umverteilen_nuernberg_3_13.ppt\">Um<i>Fair<\/i>teilen!<\/a>\u00a0N\u00fcrnberg 22.1.2013<\/li>\n<li>Pr\u00e4sentation\u00a0<a class=\"download\" title=\"Initiates file download\" href=\"\/fileadmin\/user_upload\/Referent\/ppt\/BV.ppt\">B\u00fcrgerversicherung\u00a0<\/a>Attac<\/li>\n<li><a class=\"download\" title=\"Initiates file download\" href=\"\/fileadmin\/user_upload\/Referent\/ppt\/Privatisierug_KH_Luebeck.ppt\">Gesundheit und Privatisierung<\/a>, L\u00fcbeck 9.2.2012<\/li>\n<li><a class=\"download\" title=\"Initiates file download\" href=\"\/fileadmin\/user_upload\/Referent\/ppt\/rente_marburg_11_11.ppt\">Gesetzliche Rente<\/a>, Marburg 3.11.2011<\/li>\n<\/ul>\n<\/div>\n<\/div>\n<div id=\"con-mitte-left\">\n<div id=\"c310\" class=\"csc-default\">\n<h1>Wachstumskritik<\/h1>\n<ul>\n<li><a href=\"http:\/\/www.werner-raetz.de\/wp-content\/uploads\/2025\/09\/REH-SCC-2025.pdf\">Globale Materialfl\u00fcsse<\/a>, Workshop aus der Kampagnengruppe RohstoffEnergieHunger stoppen auf dem System Change Camp am 19.8.2025\u00a0 in Frankfurt<\/li>\n<li><a href=\"http:\/\/www.werner-raetz.de\/wp-content\/uploads\/2025\/03\/kritsche-rohstoffe-eu-2023.pdf\">Kritsche Rohstoffe<\/a>, Pr\u00e4sentation zum Input f\u00fcr den entsprechenden ila-Schwerpunkt 484, gehalten am 16.2.2025<\/li>\n<li><a href=\"http:\/\/www.werner-raetz.de\/wp-content\/uploads\/2024\/05\/wachsttum_kolonialismus.ppt\">Wachstum(skritik) und (Neo-)Kolonialismus<\/a>, Workshop bei Model United Nations Baden-W\u00fcrttemberg am 10.5.2024<\/li>\n<li><a href=\"http:\/\/www.werner-raetz.de\/wp-content\/uploads\/2020\/07\/bge-wachstum-wien-5_2020.pdf\">Wachstumskritik und BGE<\/a>, Onlineseminar 31.5. und 8.7.2020<\/li>\n<li><a class=\"download\" title=\"Initiates file download\" href=\"\/fileadmin\/user_upload\/Referent\/ppt\/Mensch_Natur_BadBoll_7_19.ppt\">Vers\u00f6hnung von Mensch und Natur<\/a>, Bad Boll 20.7.2019<\/li>\n<li><a class=\"download\" title=\"Initiates file download\" href=\"\/fileadmin\/user_upload\/Referent\/ppt\/bge___wachstum_wien_6_15.ppt\">Wachstumskritik und Grundeinkommen<\/a>, Wien 16.6.15<\/li>\n<li><a class=\"download\" title=\"Initiates file download\" href=\"\/fileadmin\/user_upload\/Referent\/ppt\/Globalisierung_und_OEkologie.ppt\">Wachstum\u00a0<\/a>und \u00d6kologie<\/li>\n<\/ul>\n<\/div>\n<\/div>\n<div id=\"con-mitte-left\">\n<div id=\"c309\" class=\"csc-default\">\n<h1>Krise<\/h1>\n<ul>\n<li><a href=\"http:\/\/www.werner-raetz.de\/wp-content\/uploads\/2023\/06\/kapitalismus-krieg-rostock-23_6.pdf\">Kapitalismus und Krieg<\/a>, Vortrag in Rostock am 19.6.2023<\/li>\n<li><a href=\"http:\/\/www.werner-raetz.de\/wp-content\/uploads\/2020\/07\/Krisenfolgekosten-20_7.ppt\">Krisenfolgekosten 20_7<\/a>, Onlineveranstaltung mit Attac T\u00fcbingen am 9. Juli 2020<\/li>\n<li><a class=\"download\" title=\"Initiates file download\" href=\"\/fileadmin\/user_upload\/Referent\/ppt\/EZB___Krise_14_11_reutlingen.ppt\">EZB und europ\u00e4isches Krisenmanagement<\/a>, Reutlingen Oktober 2014<\/li>\n<li>Austerit\u00e4t und Freihandel (<a class=\"download\" title=\"Initiates file download\" href=\"\/fileadmin\/user_upload\/Referent\/ppt\/Krise___TTIP.ppt\">TTIP<\/a>)<\/li>\n<li><a class=\"download\" title=\"Initiates file download\" href=\"\/fileadmin\/user_upload\/Referent\/ppt\/krise___TTIP_text.doc\">Text\u00a0<\/a>zur vorherigen Pr\u00e4sentation<\/li>\n<li><a class=\"download\" title=\"Initiates file download\" href=\"\/fileadmin\/user_upload\/Referent\/ppt\/krisenauswege_bonn_11_12.ppt\">Krisenauswege<\/a>, Bonn November 2012<\/li>\n<li><a class=\"download\" title=\"Initiates file download\" href=\"\/fileadmin\/user_upload\/Referent\/ppt\/krisenakteure_soak_2012.ppt\">Krisenakteuere\u00a0<\/a>Sommerakademie August 2012<\/li>\n<li>Aus der\u00a0<a class=\"download\" title=\"Initiates file download\" href=\"\/fileadmin\/user_upload\/Referent\/ppt\/krisensparen_soak_2012.ppt\">Krise sparen?<\/a>\u00a0Sommerakademie August 2012<\/li>\n<li><a class=\"download\" title=\"Initiates file download\" href=\"\/fileadmin\/user_upload\/Referent\/ppt\/krisenauswege_ev_aka.ppt\">L\u00f6sungsans\u00e4tze\u00a0<\/a>f\u00fcr die Krise, Evangelische Akademie im Rheinland, 11.2.2012<\/li>\n<\/ul>\n<\/div>\n<\/div>\n<div id=\"con-mitte-left\">\n<div id=\"c525\" class=\"csc-default\">\n<h1>attac<\/h1>\n<ul>\n<li><a href=\"http:\/\/www.werner-raetz.de\/wp-content\/uploads\/2022\/07\/Gruendung-Luedenscheid-22_7.ppt\">Gr\u00fcndung Attac-Gruppe L\u00fcdenscheid<\/a>, 23.7.2022<\/li>\n<li><a href=\"http:\/\/www.werner-raetz.de\/wp-content\/uploads\/2020\/06\/attac-fsj-20_6.pdf\">Attac<\/a>-Vorstellung FsJ Schleswig-Holstein, 25.6.2020<\/li>\n<li><a class=\"download\" title=\"Initiates file download\" href=\"\/fileadmin\/user_upload\/Referent\/ppt\/Globalisierung_IGM_1_18.ppt\">Alternativen zur neoliberalen Globalisierung<\/a>\u00a0Workshop IG Metall-Bildungszentrum Sprockh\u00f6vel 4. Januar 2018<\/li>\n<li><a class=\"download\" title=\"Initiates file download\" href=\"\/fileadmin\/user_upload\/Referent\/ppt\/afd_aus_vortrag_offenbach.ppt\">AfD und Rechstpopulismus<\/a><\/li>\n<\/ul>\n<\/div>\n<\/div>\n<div id=\"con-mitte-left\">\n<div id=\"c427\" class=\"csc-default\">\n<h1>Bewegungsfragen<\/h1>\n<ul>\n<li><a href=\"http:\/\/www.werner-raetz.de\/wp-content\/uploads\/2025\/06\/Demonstrationsfreiheit.pdf\">Demonstrationsfreiheit<\/a>, Vortrag zum &#8222;Tag der Demokratie&#8220; in der Rudolf-Virchow-Oberschule in Berlin am 10.4.2025<\/li>\n<li><a class=\"download\" title=\"Initiates file download\" href=\"\/fileadmin\/user_upload\/Referent\/ppt\/g20_hannover.ppt\">G20 und Wachstumskritik<\/a>,Hannover 11. Mai 2017<\/li>\n<li><a class=\"download\" title=\"Initiates file download\" href=\"\/fileadmin\/user_upload\/Referent\/ppt\/g20_WR_Finanzmaerkte.ppt\">G20 und die Finanzm\u00e4rkte<\/a>, Mainz 14. M\u00e4rz 2017<\/li>\n<li><a class=\"download\" title=\"Initiates file download\" href=\"\/fileadmin\/user_upload\/Referent\/ppt\/Potestformen_Linz.ppt\">Protestformen\u00a0<\/a>ICAE-Sommerakademie &#8222;Kritik, Einmischung, Protest. Politisches Handeln in der heutigen Zeit&#8220;, Linz Juni 2012<\/li>\n<\/ul>\n<\/div>\n<\/div>\n<div id=\"con-mitte-left\">\n<div id=\"c555\" class=\"csc-default\">\n<h1>Nord-S\u00fcd<\/h1>\n<ul>\n<li>Seminar &#8222;Nachhaltigkeit&#8220; ESG K\u00f6ln (Stube) 8.11.2025\n<ul>\n<li><a href=\"http:\/\/www.werner-raetz.de\/wp-content\/uploads\/2025\/11\/impressionen-2025.pdf\">Impressionen<\/a><\/li>\n<li><a href=\"http:\/\/www.werner-raetz.de\/wp-content\/uploads\/2025\/12\/Positionen-2025.pdf\">Positionen<\/a><\/li>\n<\/ul>\n<\/li>\n<li>Seminar &#8222;Entwicklung&#8220; ESG K\u00f6ln (Stube) 16.11.2024\n<ul>\n<li><a href=\"http:\/\/www.werner-raetz.de\/wp-content\/uploads\/2024\/11\/Entwicklung-ESG_EA-2024.pdf\">entwicklungspolitische Akteure<\/a><\/li>\n<li><a href=\"http:\/\/www.werner-raetz.de\/wp-content\/uploads\/2024\/11\/buen-vivir-2024.pdf\">Buen Vivir<\/a><\/li>\n<\/ul>\n<\/li>\n<li><a href=\"http:\/\/www.werner-raetz.de\/wp-content\/uploads\/2023\/10\/statistiken-energieimperialismus.ppt\">Energieimperialismus<\/a>, Workshop beim Klimacamp August 2023 in Hannover und dem #noIAA-Camp im September 2023 in M\u00fcnchen<\/li>\n<li>Seminar &#8222;Demokratie&#8220; ESG K\u00f6ln (Stube) 3\/4.12.2022\n<ul>\n<li><a href=\"http:\/\/www.werner-raetz.de\/wp-content\/uploads\/2022\/12\/demokratie-in-Deutschland.pdf\">Demokratie in Deutschland<\/a><\/li>\n<li><a href=\"http:\/\/www.werner-raetz.de\/wp-content\/uploads\/2022\/12\/demokratieformen.pdf\">Demokratieformen<\/a><\/li>\n<li><a href=\"http:\/\/www.werner-raetz.de\/wp-content\/uploads\/2022\/12\/demokratie-sdgs.pdf\">Demokratie und Entwicklung<\/a><\/li>\n<\/ul>\n<\/li>\n<li><a class=\"download\" title=\"Initiates file download\" href=\"\/fileadmin\/user_upload\/Referent\/ppt\/Positionen_2019.ppt\">Positionen Nachhaltigkeit<\/a>\u00a0ESG K\u00f6ln &#8222;Stube&#8220;-Seminar Mai 2019<\/li>\n<li><a class=\"download\" title=\"Initiates file download\" href=\"\/fileadmin\/user_upload\/Referent\/ppt\/impressionen_2019.ppt\">Impressionen Nachhaltigkeit<\/a>\u00a0ESG 2019<\/li>\n<\/ul>\n<ul>\n<li><a href=\"http:\/\/www.werner-raetz.de\/wp-content\/uploads\/2022\/05\/Entwicklung-ESG_EA-2022.ppt\">Entwicklung ESG 2022<\/a><\/li>\n<li><a href=\"http:\/\/www.werner-raetz.de\/wp-content\/uploads\/2020\/07\/Entwicklung-ESG_2020.pdf\">Entwicklung ESG_2020<\/a>, ESG K\u00f6ln &#8222;Stube&#8220; Juli 2020<\/li>\n<li><a class=\"download\" title=\"Initiates file download\" href=\"\/fileadmin\/user_upload\/Referent\/ppt\/links_esg_2014.doc\">Linkliste\u00a0<\/a>zur vorherigen Pr\u00e4sentation (2014)<\/li>\n<\/ul>\n<ul>\n<li><a class=\"download\" title=\"Initiates file download\" href=\"\/fileadmin\/user_upload\/Referent\/ppt\/wasser_marburg_6_17.ppt\">Wasser ist Menschenrecht<\/a>, Vortrag Weltladen Marburg 7. Juni 2017<\/li>\n<li>&#8222;<a class=\"download\" title=\"Initiates file download\" href=\"\/fileadmin\/user_upload\/Referent\/ppt\/fluchtursachen_igm_8_16.ppt\">Gegen das Vergesssen<\/a>&#8222;: Warum riskieren Menschen ihr Leben, um dahin zu gehen, wo sie gar nicht hin wollen? Vortrag IG Metall Senioren D\u00fcsseldorf September 2016<\/li>\n<\/ul>\n<\/div>\n<\/div>\n","protected":false},"excerpt":{"rendered":"<p>Bedingungsloses Grundeinkommen Universelles Sozialsystem, Onlineseminar Netzwerk care revolution, 24.6.2025 (mit Ronald Blaschke, Elfriede Harth, Hardy Krampertz und Dagmar Paternoga) Genug f\u00fcr alle auch innerhalb der planetaren Grenzen? Onlineseminar am 27.11.2024 BGE und sozial\u00f6kologische Transformation, Vorstellung der gleichnamigen Brosch\u00fcre in der Reihe &#8222;Baustein f\u00fcr Klimagerechtigkeit&#8220; am 6.7.2024 bei der Mitgliederversammlung des Netzwerks Grundeinkommen in Leipzig BGE&#8230;<\/p>\n","protected":false},"author":2,"featured_media":0,"parent":52,"menu_order":0,"comment_status":"closed","ping_status":"closed","template":"","meta":{"footnotes":""},"class_list":["post-54","page","type-page","status-publish","hentry"],"_links":{"self":[{"href":"https:\/\/www.werner-raetz.de\/index.php?rest_route=\/wp\/v2\/pages\/54","targetHints":{"allow":["GET"]}}],"collection":[{"href":"https:\/\/www.werner-raetz.de\/index.php?rest_route=\/wp\/v2\/pages"}],"about":[{"href":"https:\/\/www.werner-raetz.de\/index.php?rest_route=\/wp\/v2\/types\/page"}],"author":[{"embeddable":true,"href":"https:\/\/www.werner-raetz.de\/index.php?rest_route=\/wp\/v2\/users\/2"}],"replies":[{"embeddable":true,"href":"https:\/\/www.werner-raetz.de\/index.php?rest_route=%2Fwp%2Fv2%2Fcomments&post=54"}],"version-history":[{"count":63,"href":"https:\/\/www.werner-raetz.de\/index.php?rest_route=\/wp\/v2\/pages\/54\/revisions"}],"predecessor-version":[{"id":4358,"href":"https:\/\/www.werner-raetz.de\/index.php?rest_route=\/wp\/v2\/pages\/54\/revisions\/4358"}],"up":[{"embeddable":true,"href":"https:\/\/www.werner-raetz.de\/index.php?rest_route=\/wp\/v2\/pages\/52"}],"wp:attachment":[{"href":"https:\/\/www.werner-raetz.de\/index.php?rest_route=%2Fwp%2Fv2%2Fmedia&parent=54"}],"curies":[{"name":"wp","href":"https:\/\/api.w.org\/{rel}","templated":true}]}}