{"id":52,"date":"2020-01-05T17:03:37","date_gmt":"2020-01-05T17:03:37","guid":{"rendered":"https:\/\/werner.nico-wehnemann.de\/?page_id=52"},"modified":"2020-01-05T17:03:37","modified_gmt":"2020-01-05T17:03:37","slug":"der-referent","status":"publish","type":"page","link":"https:\/\/www.werner-raetz.de\/?page_id=52","title":{"rendered":"Der Referent"},"content":{"rendered":"<h1>Vortragsangebote<\/h1>\n<p>Ich halte Einzelvortr\u00e4ge, gestalte Seminare oder einzelne Seminartage, diskutiere auf Podien, \u00fcbernehme Moderationen und Seminarentwicklungen und -leitungen<\/p>\n<p>Ich biete Vortr\u00e4ge zu einer breiten Themenpalette an, stelle mich aber auch gerne neuen Herausforderungen.<\/p>\n<p>Einige Themen:<\/p>\n<ul>\n<li>Bedingungsloses Grundeinkommen<\/li>\n<li>Wachstumskritik<\/li>\n<li>Kapitalismus\/Krise<\/li>\n<li>Freihandel, TTIP, TiSA<\/li>\n<li>Sozialstaat\/Rente\/Gesundheit<\/li>\n<li>Globalisierung<\/li>\n<li>Gentechnologie\/Technologiekritik<\/li>\n<li>Entwicklungspolitik<\/li>\n<li>Bewegungsfragen\/Attac<\/li>\n<\/ul>\n<p>Ich erwarte Fahrkostenerstattung und Honorar, in der Regel 230,00 \u20ac; konkrete Bedingungen sind im Einzelfall verhandelbar.<\/p>\n","protected":false},"excerpt":{"rendered":"<p>Vortragsangebote Ich halte Einzelvortr\u00e4ge, gestalte Seminare oder einzelne Seminartage, diskutiere auf Podien, \u00fcbernehme Moderationen und Seminarentwicklungen und -leitungen Ich biete Vortr\u00e4ge zu einer breiten Themenpalette an, stelle mich aber auch gerne neuen Herausforderungen. Einige Themen: Bedingungsloses Grundeinkommen Wachstumskritik Kapitalismus\/Krise Freihandel, TTIP, TiSA Sozialstaat\/Rente\/Gesundheit Globalisierung Gentechnologie\/Technologiekritik Entwicklungspolitik Bewegungsfragen\/Attac Ich erwarte Fahrkostenerstattung und Honorar, in der Regel&#8230;<\/p>\n","protected":false},"author":2,"featured_media":0,"parent":0,"menu_order":0,"comment_status":"closed","ping_status":"closed","template":"","meta":{"footnotes":""},"class_list":["post-52","page","type-page","status-publish","hentry"],"_links":{"self":[{"href":"https:\/\/www.werner-raetz.de\/index.php?rest_route=\/wp\/v2\/pages\/52","targetHints":{"allow":["GET"]}}],"collection":[{"href":"https:\/\/www.werner-raetz.de\/index.php?rest_route=\/wp\/v2\/pages"}],"about":[{"href":"https:\/\/www.werner-raetz.de\/index.php?rest_route=\/wp\/v2\/types\/page"}],"author":[{"embeddable":true,"href":"https:\/\/www.werner-raetz.de\/index.php?rest_route=\/wp\/v2\/users\/2"}],"replies":[{"embeddable":true,"href":"https:\/\/www.werner-raetz.de\/index.php?rest_route=%2Fwp%2Fv2%2Fcomments&post=52"}],"version-history":[{"count":0,"href":"https:\/\/www.werner-raetz.de\/index.php?rest_route=\/wp\/v2\/pages\/52\/revisions"}],"wp:attachment":[{"href":"https:\/\/www.werner-raetz.de\/index.php?rest_route=%2Fwp%2Fv2%2Fmedia&parent=52"}],"curies":[{"name":"wp","href":"https:\/\/api.w.org\/{rel}","templated":true}]}}