{"id":50,"date":"2020-01-05T17:03:07","date_gmt":"2020-01-05T17:03:07","guid":{"rendered":"https:\/\/werner.nico-wehnemann.de\/?page_id=50"},"modified":"2026-03-23T11:00:09","modified_gmt":"2026-03-23T10:00:09","slug":"veroeffentlichungen","status":"publish","type":"page","link":"https:\/\/www.werner-raetz.de\/?page_id=50","title":{"rendered":"Ver\u00f6ffentlichungen \u00a9"},"content":{"rendered":"<div id=\"con-mitte-left\">\n<div id=\"c384\" class=\"csc-default\">\n<p><b>B\u00fccher<\/b>:<\/p>\n<p>Joachim Braun, Julia Elwig, Werner R\u00e4tz, <a href=\"https:\/\/www.vsa-verlag.de\/nc\/buecher\/detail\/artikel\/rente-statt-rendite\/\">Rente statt Rendite.<\/a> Eine solidarische und armutsfeste Rente ist m\u00f6glich, Hamburg (VSA-Verlag) 2025, AttacBasisTexte 63, ISBN 978-3-96488-243-1 , 8,50 Euro<\/p>\n<p>Arndt Dohmen hat im Blog von Attac eine <a href=\"https:\/\/www.attac.de\/blog\/detailansicht\/news\/rente-statt-rendite-eine-solidarische-und-armutsfeste-alterssicherung-ist-moeglich\">Besprechung<\/a> zu obigem Basistext geschrieben.<\/p>\n<p>Ich habe das Buch bei der Linken Literaturmesse am 1. November 2025 in N\u00fcrnberg <a href=\"http:\/\/www.werner-raetz.de\/wp-content\/uploads\/2026\/01\/Rentenbuchvorstellung.pdf\">vorgestellt<\/a><\/p>\n<p>Dagmar Paternoga, Werner R\u00e4tz, Dominik Pi\u00e9tron,\u00a0<a class=\"external-link-new-window\" title=\"Opens external link in new window\" href=\"https:\/\/www.vsa-verlag.de\/nc\/buecher\/detail\/artikel\/eine-andere-digitalisierung-ist-moeglich\/\" target=\"_blank\" rel=\"noopener noreferrer\">Eine andere Digitalisierung ist m\u00f6glich.<\/a>\u00a0Chancen und Risiken einer vernetzten Gesellschaft, Hamburg (VS-Verlag) 2019, AttacBasisTexte 56, ISBN 978-3-96488-008-6, 96 Seiten, 7 Euro<\/p>\n<p><a class=\"download\" title=\"Initiates file download\" href=\"\/fileadmin\/user_upload\/Autor\/besprechungen\/Digitalisierung_Rezension_Eibl.pdf\">Besprechung\u00a0<\/a>im Attac-Theorieblog geschrieben von Alfred Eibl<\/p>\n<p>Werner R\u00e4tz, Dagmar Paternoga, Gernot Reipen, J\u00f6rg Reiners (Hg.),\u00a0<a class=\"external-link-new-window\" title=\"Opens external link in new window\" href=\"https:\/\/www.mandelbaum.at\/buch.php?id=888&amp;menu=buecher\" target=\"_blank\" rel=\"noopener noreferrer\">Digitalisierung? Grundeinkommen!<\/a>, Wien (Mandelbaum Verlag) 2019, ISBN 978385476-685-8, 210 Seiten, 14,00 \u20ac\u00a0\u00a0\u00a0\u00a0 \u00a0Michael J\u00e4ger hat dazu eine\u00a0<a class=\"download\" title=\"Initiates file download\" href=\"\/fileadmin\/user_upload\/Autor\/x_copyright\/besprechung_digibge_jaeger.pdf\">Besprechung\u00a0<\/a>im Freitag vom 28. M\u00e4rz 2019 geschrieben von Michael J\u00e4ger \u00a0\u00a0 Eine weitere Besprechung von Sepp\u00a0<a class=\"external-link-new-window\" title=\"Opens external link in new window\" href=\"https:\/\/www.grundeinkommen.de\/07\/04\/2019\/buchbesprechung-digitalisierung-grundeinkommen.html\" target=\"_blank\" rel=\"noopener noreferrer\">Kusstascher<\/a><\/p>\n<p>Werner R\u00e4tz, Dagmar Paternoga,\u00a0<a class=\"external-link-new-window\" title=\"Opens external link in new window\" href=\"http:\/\/www.vsa-verlag.de\/nc\/detail\/artikel\/zukunftsmodell-grundeinkommen\/\" target=\"_blank\" rel=\"noopener noreferrer\">Zukunftsmodell Grundeinkommen?<\/a>\u00a0Recht auf Teilhabe, soziale Sicherung und ein wenig Utopie, Hamburg (VSA-Verlag) 2017, AttacBasisTexte 50, ISBN 978-3-89965-775-3, 96 Seiten, 7,00 \u20ac \u00a0 Roanld Blaschke hat auf der Seite des Netzwerks Grundeinkommen eine\u00a0<a class=\"external-link-new-window\" title=\"Opens external link in new window\" href=\"https:\/\/www.grundeinkommen.de\/02\/03\/2018\/vorstellung-des-buches-zukunftsmodell-grundeinkommen.html\" target=\"_blank\" rel=\"noopener noreferrer\">Besprechung\u00a0<\/a>zum o. a. Basistext geschrieben<\/p>\n<p>Werner R\u00e4tz, Dagmar Paternoga, Hermann Mahler,\u00a0<a class=\"external-link-new-window\" title=\"Opens external link in new window\" href=\"http:\/\/www.vsa-verlag.de\/nc\/buecher\/detail\/artikel\/solidarisch-aus-der-krise-wirtschaften\/\" target=\"_blank\" rel=\"noopener noreferrer\">Solidarisch aus der Krise wirtschaften<\/a>. Jenseits des Wachstums, AttacBasisTexte 46 Hamburg (VSA Verlag) 2014, ISBN 978-3-89965-624-4, 96 Seiten, 7,00 \u20ac<\/p>\n<p>Ronald Blaschke, Werner R\u00e4tz, <a href=\"https:\/\/www.grundeinkommen.de\/wp-content\/uploads\/2013\/08\/teil-der-losung.pdf\">Teil der L\u00f6sung.<\/a> Pl\u00e4doyer f\u00fcr ein bedingungsloses Grundeinkommen, Z\u00fcrich (Rotpunktverlag) 2013, ISBN\u00a0978-3-85869-564-2, 208 Seiten, 17,90 \u20ac<\/p>\n<p>Arndt Dohmen, Manfred Fiedler, Werner R\u00e4tz, Werner Sch\u00fc\u00dfler<a title=\"Gesundheit ist (k)eine Ware\" href=\"http:\/\/www.vsa-verlag.de\/nc\/detail\/artikel\/gesundheit-ist-keine-ware\/\" target=\"_blank\" rel=\"noopener noreferrer\">\u00a0Gesundheit ist (k)eine Ware.<\/a>\u00a0Wenn Geld die Medizin beherrscht! Ursachen \u2013 Folgen \u2013 Alternativen, AttacBasisTexte 43 Hamburg (VSA-Verlag) 2013, ISBN 978-3-89965-564-, 96 Seiten, 7,00 \u20ac<\/p>\n<p>Initiative Solidarisch G&#8217;sund,\u00a0<a class=\"external-link-new-window\" title=\"Opens external link in new window\" href=\"http:\/\/www.mandelbaum.de\/books\/806\/7458\" target=\"_blank\" rel=\"noopener noreferrer\">Gesundheit f\u00fcr alle<\/a>. Intro, Wien (Mandelbaumverlag) 2013, ISBN: 978385476-619-3, 192 Seiten, 12,00 \u20ac<\/p>\n<p>Werner R\u00e4tz, Hardy Krampertz, Bedingungsloses Grundeinkommen. Woher, wozu und wohin, Neu-Ulm (<a class=\"external-link-new-window\" title=\"Opens external link in new window\" href=\"http:\/\/www.agspak-buecher.de\/Werner-Raetz-Hardy-Krampertz-Bedingungsloses-Grundeinkommen-woher-wozu-und-wohin\" target=\"_blank\" rel=\"noopener noreferrer\">AG-SPAK-B\u00fccher<\/a>) 2011, ISBN 9783940865243, 108 Seiten, 15 \u20ac<\/p>\n<p>Werner R\u00e4tz, Tanja von Egan-Krieger, u.A. (Hrsg),\u00a0<a class=\"external-link-new-window\" title=\"Opens external link in new window\" href=\"http:\/\/grundeinkommen-attac.de\/index.php?id=1743\" target=\"_blank\" rel=\"noopener noreferrer\">Ausgewachsen<\/a>! \u00d6kologische Gerechtigkeit. Soziale Rechte. Gutes Leben, Hamburg (VSA-Verlag) 2011, ISBN 978-3-89965-430-1, 192 Seiten, 15.80 \u20ac<\/p>\n<p>Werner R\u00e4tz, Horst L\u00fcdtke,\u00a0<a class=\"external-link-new-window\" title=\"Opens external link in new window\" href=\"http:\/\/www.vsa-verlag.de\/uploads\/media\/VSA_AttacBasisTexte33.pdf\" target=\"_blank\" rel=\"noopener noreferrer\">Sozialstaat\u00a0<\/a>oder: Globale Soziale Rechte?, Hamburg (VSA-Verlag) 2009,\u00a0AttacBasisTexte 33, ISBN: 978-3-89965-344-1, 96 Seiten, 6,50 \u20ac<\/p>\n<p>Andreas Exner, Werner R\u00e4tz, Birgit Zenker, Grundeinkommen.\u00a0<a class=\"external-link-new-window\" title=\"Opens external link in new window\" href=\"http:\/\/www.hanser-literaturverlage.de\/buecher\/buch.html?isbn=978-3-552-06065-4\" target=\"_blank\" rel=\"noopener noreferrer\">Soziale Sicherheit ohne Arbeit<\/a>, Wien (Deuticke-Verlag)\u00a0 2007, ISBN 978-3-552-06065-4, 288 Seiten, 21,50 \u20ac<\/p>\n<p>Daraus verf\u00fcgbar: Neil <a href=\"http:\/\/www.werner-raetz.de\/wp-content\/uploads\/2020\/06\/Coleman_original.pdf\">Coleman_original<\/a> &#8222;Erfahrungen der Armut in S\u00fcdafrika&#8220;<\/p>\n<p>&nbsp;<\/p>\n<p><i>Nicht mehr lieferbar<\/i>:<\/p>\n<p>Werner R\u00e4tz, Dagmar Paternoga, Werner Steinbach,\u00a0<a class=\"external-link-new-window\" title=\"Opens external link in new window\" href=\"http:\/\/www.vsa-verlag.de\/detail\/artikel\/grundeinkommen-bedingungslos\/\" target=\"_blank\" rel=\"noopener noreferrer\">Grundeinkommen<\/a>: bedingungslos, Hamburg (VSA-Verlag) 2005\u00a0AttacBasisTexte 17<\/p>\n<p>Axel Gerntke, Werner R\u00e4tz, Claus Sch\u00e4fer,\u00a0<a class=\"external-link-new-window\" title=\"Opens external link in new window\" href=\"http:\/\/www.vsa-verlag.de\/detail\/artikel\/einkommen-zum-auskommen\/\" target=\"_blank\" rel=\"noopener noreferrer\">Einkommen zum Auskommen<\/a>. Von bedingungslosem Grundeinkommen, gesetzlichen Mindestl\u00f6hnen und anderen Verteilungsfragen, Herausgegeben von der Koordinierungsstelle gewerkschaftlicher Arbeitslosengruppen, Hamburg (VSA-Verlag) 2004<\/p>\n<p>Christian\u00a0Christen, Tobias Michel, Werner R\u00e4tz,\u00a0Sozialstaat. Wie die\u00a0<a class=\"external-link-new-window\" title=\"Opens external link in new window\" href=\"http:\/\/www.vsa-verlag.de\/detail\/artikel\/sozialstaat\/\" target=\"_blank\" rel=\"noopener noreferrer\">Sicherungssysteme\u00a0<\/a>funktionieren und wer von den &#8222;Reformen&#8220; profitiert, Hamburg (VSA-Verlag) 2003, AttacBasisTexte 6<\/p>\n<p>&nbsp;<\/p>\n<\/div>\n<\/div>\n<div id=\"con-mitte-left\">\n<div id=\"c519\" class=\"csc-default\">\n<p><b>Beitr\u00e4ge in Sammelb\u00e4nden:<\/b><\/p>\n<ul>\n<li><i><a class=\"download\" title=\"Initiates file download\" href=\"\/fileadmin\/user_upload\/Autor\/x_copyright\/raetz_end.pdf\">Digitalisierung? Grundeinkommen!<\/a>\u00a0Eine Notwendigkeit, die erkl\u00e4rt werden muss<\/i>. In: Werner R\u00e4tz, Dagmar Paternoga, J\u00f6rg Reiners, Gernot Reipen, Digitalisierung? Grundeinkommen!, Wien 2019, S. 180-196<\/li>\n<li><i>Das bedingungslose Grundeinkommen als Erm\u00f6glichung einer neuen Form von Gesellschaftlichkeit<\/i>\u00a0(mit Dagmar Paternoga), in: Ronald Blaschke\/Ina Pr\u00e4torius\/Antje Schrupp (Hg.), Das bedingungslose Grundeinkommen. Feministische und postpatriarchale Perspektiven, Sulzbach (Ulrike Helmer Verlag) 2016, S. 105-120<\/li>\n<li><i>\u00d6konomisierung zerst\u00f6rt das Gesundheitswesen,\u00a0<\/i>in: Carsten M\u00fcller u.a., Soziale Arbeit in der \u00d6konomisierungsfalle? Wiesbaden (Springer VS) 2016, S. 195-207<\/li>\n<li><i>Das bedingungslose Grundeinkommen als interventionistischer Praxisansatz<\/i>, in: M\u00fcller u.a. (s. vorhergehenden Titel), S. 277-290<\/li>\n<li><i>Globale Soziale Rechte<\/i>, in: Ulrich Brand et al., ABC der Alternativen, Hamburg (VSA-Verlag) 2012, S. 114f<\/li>\n<li><i><a class=\"external-link-new-window\" title=\"Opens external link in new window\" href=\"http:\/\/www.laika-verlag.de\/bibliothek\/gipfelst%C3%BCrmer-und-stra%C3%9Fenk%C3%A4mpfer\" target=\"_blank\" rel=\"noopener noreferrer\">Attac<\/a>,\u00a0<\/i>in: Willi Baer, Karl-Heinz Dellwo, Attac. Gipfelst\u00fcrmer und Stra\u00dfenk\u00e4mpfer, Bibliothek des Widerstands Band 10, Hamburg (Laika Verlag) 2010, S. 23-82<\/li>\n<li><i>Was hat die Vermarktung immer neuer Lebensbereiche mit dem Kapitalismus und seiner Krise zu tun?<\/i>, in: Robert P. Brenner u.a., Kapitalismus am Ende? Attac: Analysen und Alternativen, Hamburg (VSA-Verlag) 2009, S. 131-135<\/li>\n<li><i>Worum es gesellschaftspolitisch beim bedingungslosen Grundeinkommen geht<\/i>.<i>\u00a0Gestaltungsanforderungen und Transformationsrisiken<\/i>, in: Hartmut Neuendorff\/Gerd Peter\/Frieder O. Wolf, Arbeit und Freiheit im Widerspruch? Bedingungsloses Grundeinkommen &#8211; ein Modell im Meinungsstreit, Hamburg (VSA-Verlag) 2009, S. 178-187<\/li>\n<li><i>Das Leben den Kapitalkreisl\u00e4ufen entziehen<\/i>, in: Attac, 10 von vielen. Gekommen um zu bleiben. Attac: die ersten Jahre, Frankfurt (Selbstverlag) 2009, S. 40-44<\/li>\n<li><i>Globale Soziale Rechte und Aneignungspraxen<\/i>, in: Roland Klautke\/Brigitte Oehrlein, Globale Soziale Rechte. Zur emanzipatorischen Aneignung universaler Menschenrechte, Hamburg (VSA-Verlag) 2008, S. 122-141<\/li>\n<li><i>Soziale Sicherheit f\u00fcr alle, weltweit?<\/i>\u00a0in: Roland Klautke\/Brigitte Oehrlein, Prekarit\u00e4t &#8211; Neoliberalismus &#8211; Deregulierung, Hamburg (VSA-Verlag) 2007, S. 121-13<\/li>\n<li><i>Es ist genug f\u00fcr alle da<\/i>, in: Kirchlicher Herausgeberkreis, Armes reiches Deutschland. Jahrbuch Gerechtigkeit I, Frankfurt (Druck- und Verlagshaus) 2005, S. 141-145<\/li>\n<li><i>F\u00fcnfzehn Thesen zur vorl\u00e4ufigen Beantwortung der Frage, wie man in nahezu aussichtsloser Lage wenigstens eine andere Richtung einschl\u00e4gt<\/i>\u00a0(mit Thomas Seibert), in: Andreas Exner et al., Losarbeiten &#8211; Arbeitslos?, M\u00fcnster (Unrast-Verlag) 2005, S. 254-262<\/li>\n<li><i>Grundeinkommen<\/i>, in: Wissenschaftlicher Beirat von Attac, ABC der Globalisierung, Hamburg (VSA-Verlag) 2005, S. 78f<\/li>\n<\/ul>\n<\/div>\n<\/div>\n","protected":false},"excerpt":{"rendered":"<p>B\u00fccher: Joachim Braun, Julia Elwig, Werner R\u00e4tz, Rente statt Rendite. Eine solidarische und armutsfeste Rente ist m\u00f6glich, Hamburg (VSA-Verlag) 2025, AttacBasisTexte 63, ISBN 978-3-96488-243-1 , 8,50 Euro Arndt Dohmen hat im Blog von Attac eine Besprechung zu obigem Basistext geschrieben. Ich habe das Buch bei der Linken Literaturmesse am 1. November 2025 in N\u00fcrnberg vorgestellt&#8230;<\/p>\n","protected":false},"author":2,"featured_media":0,"parent":26,"menu_order":0,"comment_status":"closed","ping_status":"closed","template":"","meta":{"footnotes":""},"class_list":["post-50","page","type-page","status-publish","hentry"],"_links":{"self":[{"href":"https:\/\/www.werner-raetz.de\/index.php?rest_route=\/wp\/v2\/pages\/50","targetHints":{"allow":["GET"]}}],"collection":[{"href":"https:\/\/www.werner-raetz.de\/index.php?rest_route=\/wp\/v2\/pages"}],"about":[{"href":"https:\/\/www.werner-raetz.de\/index.php?rest_route=\/wp\/v2\/types\/page"}],"author":[{"embeddable":true,"href":"https:\/\/www.werner-raetz.de\/index.php?rest_route=\/wp\/v2\/users\/2"}],"replies":[{"embeddable":true,"href":"https:\/\/www.werner-raetz.de\/index.php?rest_route=%2Fwp%2Fv2%2Fcomments&post=50"}],"version-history":[{"count":10,"href":"https:\/\/www.werner-raetz.de\/index.php?rest_route=\/wp\/v2\/pages\/50\/revisions"}],"predecessor-version":[{"id":4462,"href":"https:\/\/www.werner-raetz.de\/index.php?rest_route=\/wp\/v2\/pages\/50\/revisions\/4462"}],"up":[{"embeddable":true,"href":"https:\/\/www.werner-raetz.de\/index.php?rest_route=\/wp\/v2\/pages\/26"}],"wp:attachment":[{"href":"https:\/\/www.werner-raetz.de\/index.php?rest_route=%2Fwp%2Fv2%2Fmedia&parent=50"}],"curies":[{"name":"wp","href":"https:\/\/api.w.org\/{rel}","templated":true}]}}