{"id":48,"date":"2020-01-05T17:02:24","date_gmt":"2020-01-05T17:02:24","guid":{"rendered":"https:\/\/werner.nico-wehnemann.de\/?page_id=48"},"modified":"2026-04-14T11:30:24","modified_gmt":"2026-04-14T09:30:24","slug":"vermischtes","status":"publish","type":"page","link":"https:\/\/www.werner-raetz.de\/?page_id=48","title":{"rendered":"Vermischtes"},"content":{"rendered":"<div id=\"con-mitte-left\">\n<div id=\"c669\" class=\"csc-default\">\n<p><a href=\"http:\/\/www.werner-raetz.de\/wp-content\/uploads\/2026\/04\/La-ultima-cena.pdf\"><strong>La ultima<\/strong> <strong>cena<\/strong><\/a>, Anekdote f\u00fcr ila 492, Februar 2026 (&#8222;<a href=\"https:\/\/www.ila-web.de\/de\/editions\/362\">Humor<\/a>&#8222;)<\/p>\n<p><strong><a href=\"http:\/\/www.werner-raetz.de\/wp-content\/uploads\/2025\/04\/illegitime-schulden.pdf\">Illegitime Schulden<\/a><\/strong>, kurzer Kommentar zu einer defizit\u00e4ren und geschichtsvergessenen Debatte, M\u00e4rz 2025<\/p>\n<p><strong><a href=\"http:\/\/www.werner-raetz.de\/wp-content\/uploads\/2025\/04\/antimilitaristische-Selbstverstaendlichkeiten.pdf\">Kurze Skizze antimilitaristischer Selbstverst\u00e4ndlichkeiten<\/a><\/strong>, Vorlage f\u00fcr den Versuch einer Attac-internen Einigung im Winter 2024\/25, der Zustimmung, aber keinen wirklichen Konsens fand<\/p>\n<p><strong><a href=\"http:\/\/www.werner-raetz.de\/wp-content\/uploads\/2024\/05\/475-Fragen.pdf\">Mehr Fr<\/a><a href=\"http:\/\/www.werner-raetz.de\/wp-content\/uploads\/2024\/05\/475-Fragen.pdf\">agen als<\/a><a href=\"http:\/\/www.werner-raetz.de\/wp-content\/uploads\/2024\/05\/475-Fragen.pdf\"> Antworten<\/a><\/strong> Kommentar aus &#8222;ila &#8211; Zeitschrift der Informationsstelle Lateinamerika&#8220; Nr. 475, Mai 2024: Bei Diskussion \u00fcber die Energiewende wird viel spekuliert<\/p>\n<p><strong><a href=\"http:\/\/www.werner-raetz.de\/wp-content\/uploads\/2023\/06\/nachruf-maria-mies.pdf\">Nachruf Maria Mies<\/a><\/strong>, Mai 2023<\/p>\n<p><strong><a href=\"http:\/\/www.werner-raetz.de\/wp-content\/uploads\/2023\/01\/ukrainekrieg-erneut-bewerten-II.pdf\">Diskussion zum Aufruf<\/a><\/strong> &#8222;Stoppt das T\u00f6ten&#8220;, Januar 2023<\/p>\n<p><b>Zum <a href=\"http:\/\/www.werner-raetz.de\/wp-content\/uploads\/2023\/01\/ukrainekrieg-erneut-bewerten.pdf\">Aufruf &#8222;Stoppt das T\u00f6ren<\/a> in der Ukraine \u2013 F\u00fcr Waffenstillstand und Verhandlungen\u201c, <\/b>Januar 2023<b><br \/>\n<\/b><\/p>\n<p><strong><a href=\"http:\/\/www.werner-raetz.de\/wp-content\/uploads\/2023\/01\/Ratzinger-ND_1_23.pdf\">Ratzinger<\/a>s Verantwortung<\/strong>, Leserbrief &#8222;Neues Deutschland&#8220; betreffend einen Kommentar zum Tod Benedikt XVI. vom 2.1.2023<\/p>\n<p>In der Nummer 459 der &#8222;ila &#8211; Zeitschrift der Informationsstelle Lateinamerika&#8220; vom Oktober 2022 haben wir einen Schwerpunkt zum Thema &#8222;Pandemiebek\u00e4mpfung, Patente und Impfen&#8220; ver\u00f6ffentlicht, in dem einige erkl\u00e4rende Kurzbeitr\u00e4ge von mir sind:<\/p>\n<ul>\n<li><a href=\"http:\/\/www.werner-raetz.de\/wp-content\/uploads\/2022\/11\/460-Patente-toeten.pdf\">Patente t\u00f6ten<\/a><\/li>\n<li><a href=\"http:\/\/www.werner-raetz.de\/wp-content\/uploads\/2022\/11\/460-gerechter-zugang.pdf\">gerechter Zugang zu Impfstoffen<\/a><\/li>\n<li><a href=\"http:\/\/www.werner-raetz.de\/wp-content\/uploads\/2022\/11\/460-Zweierlei-Recht.pdf\">zweierlei Recht<\/a><\/li>\n<\/ul>\n<p><strong><a href=\"http:\/\/www.werner-raetz.de\/wp-content\/uploads\/2022\/05\/waffen-ukraine-rundbrief.pdf\">Waffen f\u00fcr die, die im Recht sind?<\/a><\/strong> Attac D Rundbrief 2\/2022 (Mai)<\/p>\n<p><a href=\"http:\/\/www.werner-raetz.de\/wp-content\/uploads\/2022\/02\/Kein-Krieg-in-der-Ukarine.pdf\"><strong>Kein Krieg in der Ukraine!<\/strong><\/a> Aus dem Newsletter der Attac-AG genug f\u00fcr alle Nr. 18, Ende Februar 2022<\/p>\n<p><strong>G\u00f6tz Werner ist tot<\/strong>. Ein <a href=\"http:\/\/www.werner-raetz.de\/wp-content\/uploads\/2022\/02\/nachruf-werner.pdf\">Nachruf<\/a><\/p>\n<p>Auch Teile der politischen Linken setzen ihre Zukunftshoffnungen auf technologische Versprechen. Forschung und medizinische Praktiken sind erstaunlich wenig politisiert. Dagegen fragt BioSkop, ob die technologisch vermittelten Antworten die zugrunde liegenden Bed\u00fcrfnisse tats\u00e4chlich befriedigen. <a href=\"https:\/\/bioskop-forum.de\/unterstuetzerinnen\/werner-raetz\/\"><strong>Deshalb unterst\u00fctze ich BioSkop!<\/strong><\/a><\/p>\n<p><strong><a href=\"http:\/\/www.werner-raetz.de\/wp-content\/uploads\/2020\/08\/Coronaverschw\u00f6rung.pdf\">Coronaverschw\u00f6rung<\/a>:<\/strong> Wer hat die Legende vom Virus erfunden? Mail an die Attac-Diuskussionsliste vom 19.8.2020<\/p>\n<p>Was kann man tun, um einer Toten die \u201e<strong><a href=\"http:\/\/www.werner-raetz.de\/wp-content\/uploads\/2020\/07\/letzte-ehre.pdf\">letzte Ehre<\/a><\/strong>\u201c zu erweisen? Juli 2020<\/p>\n<p>Das &#8222;Z&#8220; in &#8222;<strong><a href=\"http:\/\/www.werner-raetz.de\/wp-content\/uploads\/2020\/06\/Entwicklungszusammenarbeit.pdf\">Entwicklungs-Zusammenarbeit<\/a><\/strong>&#8220; steht f\u00fcr Zivilgesellschaft, Interview mit Leon Lobenberg von <a href=\"https:\/\/politikorange.de\/2020\/06\/das-z-in-entwicklungs-zusammenarbeit-steht-fuer-zivilgesellschaft\/\">Politikorange<\/a> im Zusammenhang mit der Jahreskonferenz der LAG Dritte Welt NRW 2020<\/p>\n<p><a class=\"download\" title=\"Initiates file download\" href=\"\/fileadmin\/user_upload\/Autor\/verschiedenes\/Falsche_Freunde__K._Fuerst_.pdf\"><b>Ganz falsche Freunde<\/b><\/a><br \/>\nKlaus F\u00fcrst bezeichnet sich selbst als \u201ekapitalismuskritischer Kapitalist&#8220;, der 2012 \u201edas Institut f\u00fcr Kommunikation von Zukunftskonzepten&#8220; gr\u00fcndete. Eine Quelle, wo man diese Formulierug findet (ich vermute, es gibt deren mehrere), ist sein Artikel \u201eBedingungsloses Grundeinkommen \u2013 die n\u00e4chste Stufe der Evolution?&#8220; vom 28.2.2014.<\/p>\n<\/div>\n<\/div>\n<div id=\"con-mitte-left\">\n<div id=\"c663\" class=\"csc-default\">\n<p>Schaffen Unternehmen barrierefreien Nahverkehr? Leserbrief zu \u201ePro und Contra:\u00a0<strong><a class=\"download\" title=\"Initiates file download\" href=\"\/fileadmin\/user_upload\/Autor\/verschiedenes\/kostenloser_nahverkehr_leserbrief_PF.pdf\">Bus und Bahn gratis<\/a><\/strong>\u00a0nutzen?\u201c aus Publik-Forum Nr. 6, 23. M\u00e4rz 2018<\/p>\n<\/div>\n<\/div>\n<div id=\"con-mitte-left\">\n<div id=\"c653\" class=\"csc-default\">\n<p>In Attac hat sich Ende 2017 zum mindestens f\u00fcnften Mal eine <strong>Antisemitismusdebatte<\/strong> entfaltet. Und wie jedes Mal wird deutlich, dass es einen Teil von Aktiven gibt, die vom Gegenstand der Debatte nicht nur nichts wissen, sondern auch nicht wissen wollen. Sie zielen lediglich reflexhaft auf die Abwehr von meist gar nicht erhobenen und auch ebensowenig zutreffenden Vorw\u00fcrfen. Das war in fr\u00fcheren Debatten \u00e4hnlich und deshalb mache ich hier einige \u00e4ltere Texten wieder zug\u00e4nglich.<\/p>\n<ul>\n<li><a class=\"download\" title=\"Initiates file download\" href=\"\/fileadmin\/user_upload\/Autor\/attac\/Grenzen_der_Offenheit_2002.pdf\">Grenzen der Offenheit<\/a>. Eine Klarstellung, Diskussionspapier des Attac-Koordinierungskreises zu Antisemtismus, Rassismus und Nationalismus, Dezember 2002<\/li>\n<li><a class=\"download\" title=\"Initiates file download\" href=\"\/fileadmin\/user_upload\/Autor\/verschiedenes\/akAntisemitismus.pdf\">Antisemitismusdebatte in Attac 2003<\/a>\u00a0&#8222;Ist zwei und zwei vier?&#8220;, Beitrag in analyse &amp; kritik Nr. 477, Oktober 2003<\/li>\n<li><a class=\"download\" title=\"Initiates file download\" href=\"\/fileadmin\/user_upload\/Autor\/verschiedenes\/AntisemitismusRaetzTS.pdf\">Globalisierungskritik und Antisemitismus<\/a>; Thesen von Werner R\u00e4tz und Thomas Seibert zum Attac-Seminar &#8222;Antisemitismus&#8220; im April 2004<\/li>\n<\/ul>\n<\/div>\n<\/div>\n<div id=\"con-mitte-left\">\n<div id=\"c649\" class=\"csc-default\">\n<p lang=\"zxx\">Ergebnisse der Tagung \u201e1982-2017:\u00a0<a class=\"download\" title=\"Initiates file download\" href=\"\/fileadmin\/user_upload\/Autor\/verschiedenes\/412_Schuldenkrisentagung_ergebnisse.pdf\"><b>Alte und neue Schuldenkrisen<\/b><\/a>\u00a0in Lateinamerika und der Karibik&#8220; am 7. Dezember in K\u00f6ln, aus: ila 412, Februar 2018<\/p>\n<\/div>\n<\/div>\n<div id=\"con-mitte-left\">\n<div id=\"c639\" class=\"csc-default\">\n<p><a class=\"download\" title=\"Initiates file download\" href=\"\/fileadmin\/user_upload\/Autor\/verschiedenes\/wasser_ist_leben_01.pdf\"><b>Wasser und Globalisierung<\/b><\/a>. Text mit Raphael M\u00fcller f\u00fcr den Attac-Theorieblog auf der Basis eines Vortrages im Weltladen Marburg im Juni 2017<\/p>\n<\/div>\n<\/div>\n<div id=\"con-mitte-left\">\n<div id=\"c615\" class=\"csc-default\">\n<p><b><a class=\"download\" title=\"Initiates file download\" href=\"\/fileadmin\/user_upload\/Autor\/verschiedenes\/schmaehrede_coca_cola_01.pdf\">Schm\u00e4hrede gegen The Coca Cola Company<\/a><\/b>, ihren\u00a0Pr\u00e4sidenten und Hauptgesch\u00e4ftsf\u00fchrer Muhtar Kent und den leitenden Gesch\u00e4ftsf\u00fchrer James Quincey sowie die Gro\u00dfaktion\u00e4re Warren Buffet und Herbert A. Allen an\u00e4sslich der Verleihung des Black Planet Award 2016, Berlin, 19. November 2016<\/p>\n<\/div>\n<\/div>\n<div id=\"con-mitte-left\">\n<div id=\"c588\" class=\"csc-default\">\n<p><b><a class=\"download\" title=\"Initiates file download\" href=\"\/fileadmin\/user_upload\/Autor\/verschiedenes\/Georg_fehlt.pdf\">Georg Frigger fehlt<\/a><\/b>. Abschied von einem Freund.<\/p>\n<\/div>\n<\/div>\n<div id=\"con-mitte-left\">\n<div id=\"c580\" class=\"csc-default\">\n<p><strong><a class=\"download\" title=\"Initiates file download\" href=\"\/fileadmin\/user_upload\/Autor\/verschiedenes\/Agraexporte_China.pdf\">Gegen globale M\u00e4rkte!<\/a><\/strong>\u00a0Lokale und regionale Produkte sind nicht global handelbar. Kommentar zur Exportoffensive deutscher Agrarfirmen nach China aus dem\u00a0<a class=\"external-link-new-window\" title=\"Opens external link in new window\" href=\"http:\/\/www.lbv-bw.de\/artikel.dll\/gb-2015-online-pdf_NDc5MjU5Ng.PDF?UID=5BB9F71B7099D67FA7C24B486B5471B9EA131445907CEE\" target=\"_blank\" rel=\"noopener noreferrer\"><strong>Gesch\u00e4ftsbericht<\/strong>\u00a0<\/a>des Landesbauernverbandes Baden-W\u00fcrttemberg (S. 19)<\/p>\n<\/div>\n<\/div>\n<div id=\"con-mitte-left\">\n<div id=\"c575\" class=\"csc-default\">\n<p><b>Anschreiben gegen Kapitalismus und Ignoranz.<\/b>\u00a0Abschied von\u00a0<strong><a class=\"download\" title=\"Initiates file download\" href=\"\/fileadmin\/user_upload\/Autor\/verschiedenes\/nachruf_siegfried.pdf\">Siegfried Pater<\/a><\/strong>\u00a0(1945-2015), aus: ila Nr. 383<\/p>\n<\/div>\n<\/div>\n<div id=\"con-mitte-left\">\n<div id=\"c568\" class=\"csc-default\">\n<p><a class=\"download\" title=\"Initiates file download\" href=\"\/fileadmin\/user_upload\/Autor\/verschiedenes\/TTIP__und_Freihandel.pdf\"><strong>TTIP<\/strong>\u00a0<\/a>ist ein Schritt auf einem langen Weg, der mit den Lehren aus zwei Weltkriegen und der gro\u00dfen Weltwirtschaftskrise der 30er-Jahre des 20. Jahrhunderts und dem Traum von einer Welt ohne Krieg und Krisen begann und mitten im neoliberalen Albtraum enden soll.<\/p>\n<\/div>\n<\/div>\n<div id=\"con-mitte-left\">\n<div id=\"c566\" class=\"csc-default\">\n<p><a class=\"download\" title=\"Initiates file download\" href=\"\/fileadmin\/user_upload\/Autor\/verschiedenes\/nachruf_mani.pdf\"><strong>Mani Stenner ist tot<\/strong><\/a>\u00a0und es f\u00e4llt schwer, das zu akzeptieren. Nachruf Friedensforum 6\/14<\/p>\n<\/div>\n<\/div>\n<div id=\"con-mitte-left\">\n<div id=\"c558\" class=\"csc-default\">\n<p><b>Hauptsache, das Ergebnis stimmt.\u00a0<\/b>Debattenbeitrag zu\u00a0<strong><a class=\"download\" title=\"Initiates file download\" href=\"\/fileadmin\/user_upload\/Autor\/Soziale_Frage\/376_neue_arbeitsverhaetnisse.pdf\">informellen Arbeitsverh\u00e4ltnissen<\/a><\/strong>\u00a0und Arbeitszeit, in: ila \u2013 Zeitschrift der Informationsstelle Lateinamerika, Nr. 376 Juni 2014<\/p>\n<\/div>\n<\/div>\n<div id=\"con-mitte-left\">\n<div id=\"c546\" class=\"csc-default\">\n<p>Sie nennen es\u00a0<a class=\"download\" title=\"Initiates file download\" href=\"\/fileadmin\/user_upload\/Autor\/verschiedenes\/Euthanasie_ak.pdf\"><b>Sterbehilfe<\/b><\/a>. Eine Debatte in einem durch und druch \u00f6konomisierten Umfeld. Was darf Rechtsetzung regeln, was muss sie unbedingt regeln? Aus\u00a0 ak analyse&amp;kritik, Nr. 592, 18. M\u00e4rz 2014<\/p>\n<\/div>\n<\/div>\n<div id=\"con-mitte-left\">\n<div id=\"c540\" class=\"csc-default\">\n<p><b>In einem \u00f6konomisierten Umfeld gibt es keine unschuldigen ethischen Debatten<\/b>.\u00a0Die Diskussion um das, was sich scheinbar harmlos \u201e<strong><a class=\"download\" title=\"Initiates file download\" href=\"\/fileadmin\/user_upload\/Autor\/verschiedenes\/euthanasie.pdf\">Sterbehilfe<\/a><\/strong>\u201c nennt, ist in Wirklichkeit eine ganz alte Debatte, die von der inhaltlichen Seite her immer ihren Kern behalten hat.<\/p>\n<\/div>\n<\/div>\n<div id=\"con-mitte-left\">\n<div id=\"c484\" class=\"csc-default\">\n<p><a class=\"download\" title=\"Initiates file download\" href=\"\/fileadmin\/user_upload\/Autor\/verschiedenes\/Gegen_die_Zinskritik.pdf\"><b>Ist der Zins das Problem?<\/b><\/a>\u00a0Regelm\u00e4\u00dfig werde ich gefragt, warum wir die Frage des Zinses nicht mehr in den Mittelpunkt r\u00fccken. Dabei ist der Zins nichts Anderes als ein Abzug vom Profit.<\/p>\n<\/div>\n<\/div>\n<div id=\"con-mitte-left\">\n<div id=\"c395\" class=\"csc-default\">\n<div id=\"content-area\">\n<div class=\"panel-2col-stacked clear-block panel-display\">\n<div class=\"panel-col-top panel-panel\">\n<div class=\"inside\">\n<div class=\"panel-pane pane-content-field pane-field-einleitung\">\n<div class=\"pane-content\">\n<div class=\"field field-type-text field-field-einleitung\">\n<div class=\"field-items\">\n<div class=\"field-item odd\">\n<p><b><a class=\"download\" title=\"Initiates file download\" href=\"\/fileadmin\/user_upload\/Autor\/verschiedenes\/Linke_und_Technologiekritik.pdf\">Bed\u00fcrfnisse konkretisieren<\/a><\/b>. Welche Rolle spielt Technikkritik in linker Politik? Diskussionsbeitrag im Gen-ethischen Informationsdienst Nr. 194, Juni 2009<\/p>\n<\/div>\n<\/div>\n<\/div>\n<\/div>\n<\/div>\n<\/div>\n<\/div>\n<\/div>\n<\/div>\n<\/div>\n<\/div>\n<div id=\"con-mitte-left\">\n<div id=\"c468\" class=\"csc-default\">\n<p><a class=\"download\" title=\"Initiates file download\" href=\"\/fileadmin\/user_upload\/Autor\/verschiedenes\/Demografie___Migration_KSI.pdf\"><b>Auf Arbeitsm\u00e4rkten bewegen sich Menschen<\/b><\/a>: Ihnen muss Politik zuallererst gerecht werden! Deklarationsentwurf im Rahmen der Fachtagung: Die Bedeutung des demographischen Wandels und der Migration f\u00fcr die Arbeitsm\u00e4rkte in der EU, 2008<\/p>\n<\/div>\n<\/div>\n<div id=\"con-mitte-left\">\n<div id=\"c383\" class=\"csc-default\">\n<p><b>Auswirkungen der Globalisierung auf\u00a0<a class=\"download\" title=\"Initiates file download\" href=\"\/fileadmin\/user_upload\/Autor\/verschiedenes\/Globalisierung_behindert.pdf\">psychisch kranke und behinderte<\/a>\u00a0Menschen<\/b>, Sozialpsychiatrische Informationen 3\/2007<\/p>\n<p><strong><a href=\"http:\/\/www.werner-raetz.de\/wp-content\/uploads\/2024\/01\/Pensionsfonds.pdf\">Pensionsfonds als W\u00e4hrungsh\u00fcter<\/a> ? <\/strong>\u00dcber die Interessen der Privatanleger an W\u00e4hrungspolitik, aus ila Nr. 301 Dezember 2006<\/p>\n<p><strong><a href=\"http:\/\/www.werner-raetz.de\/wp-content\/uploads\/2024\/01\/Leitwaehrung.pdf\">Vom Nutzen der Leitw\u00e4hrung<\/a><\/strong>. Die W\u00e4hrungspolitik des Naziregimes, aus ila Nr. 301 Dezember 2006<\/p>\n<\/div>\n<\/div>\n<div id=\"con-mitte-left\">\n<div id=\"c442\" class=\"csc-default\">\n<p><b><a class=\"download\" title=\"Initiates file download\" href=\"\/fileadmin\/user_upload\/Autor\/verschiedenes\/334_antsemitismus.pdf\">Antisemitismus<\/a><\/b>. Mit dem Begriff der kapitalistisch-b\u00fcrgerliche Moderne k\u00f6nnten wir die drei Ebenen des zeitgen\u00f6ssichen Kapitalismus beschreiben, die \u00f6konomische, die\u00a0 gesellschaftliche und die kulturelle. ila 301, November 2006<\/p>\n<\/div>\n<\/div>\n<div id=\"con-mitte-left\">\n<div id=\"c382\" class=\"csc-default\">\n<p><b><a class=\"download\" title=\"Initiates file download\" href=\"\/fileadmin\/user_upload\/Autor\/verschiedenes\/Gentechnikkritik_und_Globalisierung_gid.pdf\">Gentechnikkritik\u00a0<\/a>und Globalisierung:<\/b>\u00a0Die \u00dcberschneidungen beider Themenbereiche sind offensichtlich, GenEthischer Informatiosdienst 7\/2006<\/p>\n<p><a href=\"http:\/\/www.werner-raetz.de\/wp-content\/uploads\/2024\/02\/AntisemitismusRaetzTS.pdf\"><strong>Globalisierungskritik und Antisemitismus<\/strong><\/a>, Thesen (mit Thomas Seibert) f\u00fcr ein Attac-Seminar M\u00e4rz 2004<\/p>\n<\/div>\n<\/div>\n<div id=\"con-mitte-left\">\n<div id=\"c675\" class=\"csc-default\">\n<p><a class=\"download\" title=\"Initiates file download\" href=\"\/fileadmin\/user_upload\/Autor\/verschiedenes\/dfg-vk_globalisierung_und_krieg.pdf\"><b>Pazifismus und Globalisierungskritik<\/b><\/a>. Rede auf der Jahrestagung der DFG-VK am 10. M\u00e4rz 2004<\/p>\n<\/div>\n<\/div>\n<div id=\"con-mitte-left\">\n<div id=\"c676\" class=\"csc-default\">\n<p><b><a class=\"download\" title=\"Initiates file download\" href=\"\/fileadmin\/user_upload\/Autor\/verschiedenes\/Schroeders_Friedenspolitik.pdf\">Schr\u00f6ders angebliche Friedenspolitik<\/a><\/b> ist ebenso ein Teil des innerimperialistischen Konkurrenzverh\u00e4ltnisses wie die Kriegspolitik der US-Regierung. Beitrag in der jungle world am 10. September 2003<\/p>\n<\/div>\n<\/div>\n<div id=\"con-mitte-left\">\n<div id=\"c678\" class=\"csc-default\">\n<p>F\u00fcr ein nicht zustande gekommenes Buchprojekt hatte ich Mitte der 90er-Jahre einen Text geschrieben, der die Zusammenarbeit der Organisationen, die bundesweit im Rahmen des \u201eKoordinierungsausschusses der Friedensbewegung\u201c (KA) und sp\u00e4ter des \u201eNetzwerks Friedenskooperative\u201c (NFK) kooperiert haben, von 1983 bis 1993 beschreibt:\u00a0<a class=\"download\" title=\"Initiates file download\" href=\"\/fileadmin\/user_upload\/Autor\/verschiedenes\/KEMPF_Friedensbewegung.pdf\"><b>Die Friedensbewegung zwischen Raketen und Asyslrecht<\/b><\/a>.<\/p>\n<\/div>\n<\/div>\n","protected":false},"excerpt":{"rendered":"<p>La ultima cena, Anekdote f\u00fcr ila 492, Februar 2026 (&#8222;Humor&#8222;) Illegitime Schulden, kurzer Kommentar zu einer defizit\u00e4ren und geschichtsvergessenen Debatte, M\u00e4rz 2025 Kurze Skizze antimilitaristischer Selbstverst\u00e4ndlichkeiten, Vorlage f\u00fcr den Versuch einer Attac-internen Einigung im Winter 2024\/25, der Zustimmung, aber keinen wirklichen Konsens fand Mehr Fragen als Antworten Kommentar aus &#8222;ila &#8211; Zeitschrift der Informationsstelle Lateinamerika&#8220;&#8230;<\/p>\n","protected":false},"author":2,"featured_media":0,"parent":26,"menu_order":0,"comment_status":"closed","ping_status":"closed","template":"","meta":{"footnotes":""},"class_list":["post-48","page","type-page","status-publish","hentry"],"_links":{"self":[{"href":"https:\/\/www.werner-raetz.de\/index.php?rest_route=\/wp\/v2\/pages\/48","targetHints":{"allow":["GET"]}}],"collection":[{"href":"https:\/\/www.werner-raetz.de\/index.php?rest_route=\/wp\/v2\/pages"}],"about":[{"href":"https:\/\/www.werner-raetz.de\/index.php?rest_route=\/wp\/v2\/types\/page"}],"author":[{"embeddable":true,"href":"https:\/\/www.werner-raetz.de\/index.php?rest_route=\/wp\/v2\/users\/2"}],"replies":[{"embeddable":true,"href":"https:\/\/www.werner-raetz.de\/index.php?rest_route=%2Fwp%2Fv2%2Fcomments&post=48"}],"version-history":[{"count":31,"href":"https:\/\/www.werner-raetz.de\/index.php?rest_route=\/wp\/v2\/pages\/48\/revisions"}],"predecessor-version":[{"id":4495,"href":"https:\/\/www.werner-raetz.de\/index.php?rest_route=\/wp\/v2\/pages\/48\/revisions\/4495"}],"up":[{"embeddable":true,"href":"https:\/\/www.werner-raetz.de\/index.php?rest_route=\/wp\/v2\/pages\/26"}],"wp:attachment":[{"href":"https:\/\/www.werner-raetz.de\/index.php?rest_route=%2Fwp%2Fv2%2Fmedia&parent=48"}],"curies":[{"name":"wp","href":"https:\/\/api.w.org\/{rel}","templated":true}]}}