{"id":44,"date":"2020-01-05T17:00:48","date_gmt":"2020-01-05T17:00:48","guid":{"rendered":"https:\/\/werner.nico-wehnemann.de\/?page_id=44"},"modified":"2026-01-14T18:48:58","modified_gmt":"2026-01-14T17:48:58","slug":"soziale-frage","status":"publish","type":"page","link":"https:\/\/www.werner-raetz.de\/?page_id=44","title":{"rendered":"Soziale Frage"},"content":{"rendered":"<div id=\"con-mitte-left\">\n<div id=\"c668\" class=\"csc-default\">\n<p><strong><a href=\"http:\/\/www.werner-raetz.de\/wp-content\/uploads\/2026\/01\/Herbeigeredete-Probleme-Rente.pdf\">Herbeigeredete Probleme<\/a> und unbrauchbare L\u00f6sungen: Rente statt Rendite<\/strong>, Beitrag f\u00fcr das Portal <a href=\"https:\/\/etosmedia.de\/politik\/herbeigeredete-probleme-und-unbrauchbare-loesungen-rente-statt-rendite\/\">etos.de<\/a>, Januar 2026<\/p>\n<p><a href=\"http:\/\/www.werner-raetz.de\/wp-content\/uploads\/2024\/07\/leserbrief-nd-lohnnebenkosten.pdf\">Leserbrief<\/a>: Das nd berichtete am 10. Juli 2024, dass Beschaftigte in Deutschland lange &#8222;f\u00fcr den Staat arbeiten&#8220; m\u00fcssten.<\/p>\n<p>Die aktuelle \u00f6ffentliche Debatte um eine\u00a0<a href=\"http:\/\/www.werner-raetz.de\/wp-content\/uploads\/2022\/02\/impfpflicht_WR_DP-1.pdf\"><strong>allgemeine impfpflicht<\/strong><\/a> ist von vielf\u00e4ltigen Interessen gepr\u00e4gt und findet in einer gesellschaftlichen Situation statt, in der Widerspr\u00fcche, Bed\u00fcrfnisse, Zumutungen bis in die engsten Lebensgemeinschaften, manchmal bis in die einzelnen Individuen hinein Spannungen und unaufl\u00f6sbare Konflikte erzeugen. Stellungnahme mit Dagmar Paternoga Februar 2022<\/p>\n<p>Die Evangelische Zeitschrift Chrismon hat in ihrer M\u00e4rzausgabe 2021 ausf\u00fchrlich \u00fcber\u00a0<a href=\"http:\/\/www.werner-raetz.de\/wp-content\/uploads\/2021\/03\/pflege-leserbrief-chrismon.pdf\"><strong>Menschen in der Altenpflege<\/strong><\/a> berichtet und in einem Interview Probleme thematisiert. In einem Leserbrief habe ich dazu Stellung genommen.<\/p>\n<p><a href=\"http:\/\/www.werner-raetz.de\/wp-content\/uploads\/2021\/03\/Coronaimpfung-RB-1_21-mit-DP.pdf\"><strong>Coronaimpfstoff: Erwartbare Spaltungen und spaltende Erwartungen<\/strong><\/a>. Das Lobbyforum \u201etransgen\u201c jubelt: \u201eWenn es der Gesundheit n\u00fctzt, scheint Gentechnik selbstverst\u00e4ndlich.\u201c Zumindest bei der Impfstoffentwicklung gegen SARS-CoV-2 scheint das zuzutreffen. Alle erfolgversprechenden oder schon zugelassenen Impfstoffe verwenden gentechnische Methoden. (Attac Rundbrief 1\/2021; zusammen mit Dagmar Paternoga)<\/p>\n<p><strong><span style=\"font-size: large;\"><a href=\"http:\/\/www.werner-raetz.de\/wp-content\/uploads\/2021\/02\/Pflegepetition_RB-1_21.pdf\">F\u00fcr einen Pflege in W\u00fcrde<\/a> <\/span><\/strong>Am 14. Januar 2021 ging eine von dem Stern-Reporter Bernhard Albrecht initiierte Bundestagspetittion online, die eine \u201eGesundheitsreform f\u00fcr eine bessere Pflege zum Schutz der Pflegebed\u00fcrftigen\u201c fordert. Innerhalb von 28 Tagen hatte sie <span style=\"color: #000000;\">\u00fcber 200 000 Unterschriften. (Attac Rundbrief 1\/2021; zusammen mit Dagmar Paternoga)<\/span><span style=\"font-size: small;\"><span style=\"color: #000000;\"><br \/>\n<\/span><\/span><\/p>\n<p lang=\"zxx\">W\u00e4hrend der Coronakrise 2020 hat Attac D das Thema Gesundheit, insbesondere die Situation in den Krankenh\u00e4usern, von Anfang an besonders beachtet. In einem Text Ende November habe ich nach Absprache mit der AG soziale Sicherungssysteme und dem Kokreis von Attac D unsere Positionen zusammengefasst: <strong><a href=\"http:\/\/www.werner-raetz.de\/wp-content\/uploads\/2020\/12\/Gesundheitsschutz-zuerst.pdf\">Gesundheitsschutz muss die oberste Maxime sein<\/a><\/strong><\/p>\n<p lang=\"zxx\">Warum eine soziale B\u00fcrgerInnenversicherung im Gegensatz zu einem bedingungslosen Grundeinkommen stehen soll, wie Christoph Butterwegge seit Jahren behauptet, ist zum Beispiel in keiner Weise einzusehen. Beitrag zum Blog Digibge Juni 2018:<b>\u00a0 <a class=\"download\" title=\"Initiates file download\" href=\"\/fileadmin\/user_upload\/Autor\/Soziale_Frage\/bge___BV.pdf\">B\u00fcrgerInnnversicherung und bedingungsloses Grundeinkommen<\/a><\/b><\/p>\n<\/div>\n<\/div>\n<div id=\"con-mitte-left\">\n<div id=\"c583\" class=\"csc-default\">\n<p><b><a class=\"download\" title=\"Initiates file download\" href=\"\/fileadmin\/user_upload\/Autor\/Soziale_Frage\/Freihandel_und_Gesundheit__Gespraech_GiD.pdf\">\u201e<\/a><\/b><a class=\"download\" title=\"Initiates file download\" href=\"\/fileadmin\/user_upload\/Autor\/Soziale_Frage\/Freihandel_und_Gesundheit__Gespraech_GiD.pdf\"><b>Kapitalismus in Reinform&#8220;<\/b><\/a> Welche Folgen hat Freihandel f\u00fcr das Gesundheitssystem und die Versorgung von Kranken? Eine Diskussion zwischen Christiane Fischer (MEZIS), J\u00f6rg Schaaber (BUKOPharma-Kampagne), Florian Schulze(VdPP), Werner R\u00e4tz(Attac) und Uta Wagenmann(GeN); Brosch\u00fcre des Gen-ethischen Informationsdienstes Oktober 2015<\/p>\n<\/div>\n<\/div>\n<div id=\"con-mitte-left\">\n<div id=\"c554\" class=\"csc-default\">\n<p><a class=\"download\" title=\"Initiates file download\" href=\"\/fileadmin\/user_upload\/Autor\/Soziale_Frage\/bge_wachstum_gesundheit_ksoe.pdf\"><b>Die Welt ist voll von Dingen, die niemand braucht.<\/b><\/a>\u00a0Bedingungsloses Grundeinkommen und die Soziale Frage sind von Anfang an eng verkn\u00fcpft; heute r\u00fccken \u00f6kologische Aspekte und die notwendigen wirtschaftlichen Ver\u00e4nderungen st\u00e4rker ins Zentrum der Auseinandersetzung.<\/p>\n<\/div>\n<\/div>\n<div id=\"con-mitte-left\">\n<div id=\"c526\" class=\"csc-default\">\n<p><a title=\"Initiates file download\" href=\"\/fileadmin\/user_upload\/Autor\/Soziale_Frage\/bge_und_gesundheit.pdf\"><strong>Bedingungsloses Grundeinkommen und Gesundheit f\u00fcr alle<\/strong><\/a><strong>\u00a0<\/strong>Input beim\u00a0<a class=\"external-link-new-window\" title=\"Opens external link in new window\" href=\"http:\/\/community.attac.at\/graz\" target=\"_blank\" rel=\"noopener noreferrer\">Workshop<\/a>\u00a0von Attac, AMSEL, Forum Stadtpark und Solidarisch G&#8217;sund am 21.9.2013 in Graz<\/p>\n<\/div>\n<\/div>\n<div id=\"con-mitte-left\">\n<div id=\"c449\" class=\"csc-default\">\n<p>Die<a class=\"download\" title=\"Initiates file download\" href=\"\/fileadmin\/user_upload\/Autor\/Soziale_Frage\/renteninterviews.pdf\"><strong>\u00a0privaten Rentenvertr\u00e4ge<\/strong><\/a>\u00a0werden unsicher. Wie soll man damit umgehen? Interviews f\u00fcr Managermagazin und Focus, Sommer 2012<\/p>\n<\/div>\n<\/div>\n<div id=\"con-mitte-left\">\n<div id=\"c539\" class=\"csc-default\">\n<p><b>Einige Aspekte der europ\u00e4ischen und\u00a0<a class=\"download\" title=\"Initiates file download\" href=\"\/fileadmin\/user_upload\/Autor\/Soziale_Frage\/gesundheit_globale_aspekte_2011.pdf\">globalen Gesundheitspolitik<\/a><\/b><a class=\"download\" title=\"Initiates file download\" href=\"\/fileadmin\/user_upload\/Autor\/Soziale_Frage\/gesundheit_globale_aspekte_2011.pdf\">\u00a0<\/a>Stichwortartiger \u00dcberblick f\u00fcr ein Seminar der Attac-AG soziale Sicherungssysteme 2011<\/p>\n<\/div>\n<\/div>\n<div id=\"con-mitte-left\">\n<div id=\"c443\" class=\"csc-default\">\n<p><a class=\"download\" title=\"Initiates file download\" href=\"\/fileadmin\/user_upload\/Autor\/Soziale_Frage\/Gesundheit__Globalisierung.pdf\"><strong>Gesundheit und Globalisierung<\/strong><\/a>. Text f\u00fcr ein Seminar der Attac-Sommerakademie 2006<\/p>\n<\/div>\n<\/div>\n<div id=\"con-mitte-left\">\n<div id=\"c403\" class=\"csc-default\">\n<p><strong>Gesundheit darf nicht vom Geldbeutel abh\u00e4ngen<\/strong>! Gegen Privaitisierung und Marktkonkurrenz im Gesundheitswesen, f\u00fcr eine\u00a0<a class=\"download\" title=\"Initiates file download\" href=\"\/fileadmin\/user_upload\/Autor\/verschiedenes\/Gesund_Rede_Heidelberg.pdf\">demokratisch organiserte Gesundheitsversorgung<\/a>. Rede Aktionskonferenz &#8222;Gesundheit ist keine Ware&#8220; in Heidelberg 2002<\/p>\n<p>Zu viele Alte &#8211; <strong><a href=\"http:\/\/www.werner-raetz.de\/wp-content\/uploads\/2021\/04\/Zu-wenig-Geld.pdf\">zu wenig Geld?<\/a><\/strong> Altersversorgungssysteme im Nebel \u00f6ffentlicher (Des)Information (ila &#8211; Zeitschrift der Informationsstelle Lateinamerika Nr. 251 November 2001)<\/p>\n<\/div>\n<\/div>\n<div id=\"con-mitte-left\">\n<div id=\"c452\" class=\"csc-default\">\n<p><a class=\"download\" title=\"Initiates file download\" href=\"\/fileadmin\/user_upload\/Autor\/Soziale_Frage\/Chile_Alter.pdf\"><strong>Von Chile lernen?<\/strong><\/a>\u00a0Internationalistsche \u00dcberlegungen zu Chiles Rentensystem, ila 241, November 2000<\/p>\n<\/div>\n<\/div>\n<div id=\"con-mitte-left\">\n<div id=\"c398\" class=\"csc-default\">\n<p><strong>Die<a class=\"download\" title=\"Initiates file download\" href=\"\/fileadmin\/user_upload\/Autor\/verschiedenes\/Finanzmaerkte___Rente_2000.pdf\">\u00a0Finanzm\u00e4rkte untergraben unser Rentensystem<\/a><\/strong>. Gegen die Abschaffung einer solidarischen Rentenversicherung. Diskussionsbeitrag Attac-Koordinierungskreis zur Einf\u00fchrung der Riester-Rente, Sommer 2000<\/p>\n<\/div>\n<\/div>\n","protected":false},"excerpt":{"rendered":"<p>Herbeigeredete Probleme und unbrauchbare L\u00f6sungen: Rente statt Rendite, Beitrag f\u00fcr das Portal etos.de, Januar 2026 Leserbrief: Das nd berichtete am 10. Juli 2024, dass Beschaftigte in Deutschland lange &#8222;f\u00fcr den Staat arbeiten&#8220; m\u00fcssten. Die aktuelle \u00f6ffentliche Debatte um eine\u00a0allgemeine impfpflicht ist von vielf\u00e4ltigen Interessen gepr\u00e4gt und findet in einer gesellschaftlichen Situation statt, in der Widerspr\u00fcche,&#8230;<\/p>\n","protected":false},"author":2,"featured_media":0,"parent":26,"menu_order":0,"comment_status":"closed","ping_status":"closed","template":"","meta":{"footnotes":""},"class_list":["post-44","page","type-page","status-publish","hentry"],"_links":{"self":[{"href":"https:\/\/www.werner-raetz.de\/index.php?rest_route=\/wp\/v2\/pages\/44","targetHints":{"allow":["GET"]}}],"collection":[{"href":"https:\/\/www.werner-raetz.de\/index.php?rest_route=\/wp\/v2\/pages"}],"about":[{"href":"https:\/\/www.werner-raetz.de\/index.php?rest_route=\/wp\/v2\/types\/page"}],"author":[{"embeddable":true,"href":"https:\/\/www.werner-raetz.de\/index.php?rest_route=\/wp\/v2\/users\/2"}],"replies":[{"embeddable":true,"href":"https:\/\/www.werner-raetz.de\/index.php?rest_route=%2Fwp%2Fv2%2Fcomments&post=44"}],"version-history":[{"count":15,"href":"https:\/\/www.werner-raetz.de\/index.php?rest_route=\/wp\/v2\/pages\/44\/revisions"}],"predecessor-version":[{"id":4395,"href":"https:\/\/www.werner-raetz.de\/index.php?rest_route=\/wp\/v2\/pages\/44\/revisions\/4395"}],"up":[{"embeddable":true,"href":"https:\/\/www.werner-raetz.de\/index.php?rest_route=\/wp\/v2\/pages\/26"}],"wp:attachment":[{"href":"https:\/\/www.werner-raetz.de\/index.php?rest_route=%2Fwp%2Fv2%2Fmedia&parent=44"}],"curies":[{"name":"wp","href":"https:\/\/api.w.org\/{rel}","templated":true}]}}