{"id":42,"date":"2020-01-05T17:00:09","date_gmt":"2020-01-05T17:00:09","guid":{"rendered":"https:\/\/werner.nico-wehnemann.de\/?page_id=42"},"modified":"2025-12-22T18:16:35","modified_gmt":"2025-12-22T17:16:35","slug":"ausgewachsen","status":"publish","type":"page","link":"https:\/\/www.werner-raetz.de\/?page_id=42","title":{"rendered":"ausgewachsen!"},"content":{"rendered":"<div id=\"con-mitte-left\">\n<div id=\"c664\" class=\"csc-default\">\n<p lang=\"en-US\"><a href=\"http:\/\/www.werner-raetz.de\/wp-content\/uploads\/2025\/12\/Die-materiale-Seite-der-Kapitalakkumulation.pdf\"><strong>Die materiale Seite der Kapitalakkumulation<\/strong>,\u00a0<\/a>Skizze f\u00fcr einen Beitrag zu einer Diskussionsrunde der Attac-Kampagnengruppe RohstoffEnergieHunger stoppen, November 2025<\/p>\n<p lang=\"en-US\"><strong><a href=\"http:\/\/www.werner-raetz.de\/wp-content\/uploads\/2024\/07\/leserbrief-flughaefenkleber.pdf\">Die Klimakleber bringen Urlauber auf die Palme<\/a>,<\/strong> Leserbrief an den Bonner Generalanzeiger, gek\u00fcrzt und bearbeitet am 27.7. 2024 ver\u00f6ffentlicht<\/p>\n<p lang=\"en-US\"><a class=\"download\" title=\"Initiates file download\" href=\"\/fileadmin\/user_upload\/Autor\/postwachstum\/ubi_degrowth.pdf\"><b>Societal working relations, individual working hours, basic income and degrowth<\/b><\/a>. Input workshop during UBIE conference &#8222;basic income and degrowth&#8220; 19th\/20th May 2016, Hamburg<\/p>\n<\/div>\n<\/div>\n<div id=\"con-mitte-left\">\n<div id=\"c650\" class=\"csc-default\">\n<p>Statt Verdammung \u201efalscher&#8220; Bed\u00fcrfnisse:<b>\u00a0<a class=\"download\" title=\"Initiates file download\" href=\"\/fileadmin\/user_upload\/Autor\/postwachstum\/keine_Verdammung_falscher_Beduerfnisse.pdf\">Demokratische Debatte<\/a><\/b>\u00a0\u00fcber Inhalt und Gestalt der Produktion, Beitrag der Attac AG Genug f\u00fcr alle (gemeinsam mit Doris Meisterernst und Dagmar Paternoga) zum Reader &#8222;<b><a class=\"external-link-new-window\" title=\"Opens external link in new window\" href=\"http:\/\/www.vsa-verlag.de\/uploads\/media\/VSA_Raetz_ua_Attac_Wachstumsreader_niedrig.pdf\" target=\"_blank\" rel=\"noopener noreferrer\">Ausgewachsen<\/a>!<\/b>&#8220; 2011<\/p>\n<p>Nachdenken \u00fcber eine\u00a0<b><a class=\"download\" title=\"Initiates file download\" href=\"\/fileadmin\/user_upload\/Autor\/postwachstum\/Einleitung__ausgewachsen.pdf\">solidarische Postwachstums\u00f6konomie<\/a><\/b>\u00a0(gemeinsam mit Tanja von Egan-Krieger, Barbara Muraca, Alexis Passadakis, Matthias Schmelzer und Andrea Vetter), Einleitung desselben Readers<\/p>\n<p><a class=\"download\" title=\"Initiates file download\" href=\"\/fileadmin\/user_upload\/Autor\/postwachstum\/reheis_kommentar_falsche_Beduerfnisse.pdf\">Kurzer Kommentar<\/a>\u00a0zum Text &#8222;Demokratische Debatte&#8220; von<b>\u00a0Fritz Reheis<\/b><\/p>\n<\/div>\n<\/div>\n<div id=\"con-mitte-left\">\n<div id=\"c603\" class=\"csc-default\">\n<p><a class=\"download\" title=\"Initiates file download\" href=\"\/fileadmin\/user_upload\/Autor\/postwachstum\/DIB_attac.pdf\">Eine\u00a0<i>ganz\u00a0<\/i>andere Welt ist m\u00f6glich<\/a>, Beitrag (mit Dagmar Paternoga) f\u00fcr das Projekt\u00a0<a class=\"external-link-new-window\" title=\"Opens external link in new window\" href=\"http:\/\/www.degrowth.de\/de\/dib\/degrowth-in-bewegungen\/\" target=\"_blank\" rel=\"noopener noreferrer\">Degrowth in Bewegungen<\/a>, Juni 2016<\/p>\n<\/div>\n<\/div>\n<div id=\"con-mitte-left\">\n<div id=\"c602\" class=\"csc-default\">\n<p><a class=\"download\" title=\"Initiates file download\" href=\"\/fileadmin\/user_upload\/Autor\/postwachstum\/arbeitsverhaeltnisse__bge__degrowth.pdf\">Gesellschaftliche Arbeitsverh\u00e4ltnisse, individuelle Arbeitszeit, Grundeinkommen und Wachstumsr\u00fccknahme<\/a>, Input im Workshop bei der UBIE Konferenz \u201eGrundeinkommen und Degrowth\u201c am 9.\/20. Mai 2016 in Hamburg<\/p>\n<\/div>\n<\/div>\n<div id=\"con-mitte-left\">\n<div id=\"c562\" class=\"csc-default\">\n<p lang=\"en-US\"><b>Unconditional basic income, human rights-based equality and\u00a0<a class=\"download\" title=\"Initiates file download\" href=\"\/fileadmin\/user_upload\/Autor\/postwachstum\/bge__degrowth__unequality_WR_DP.pdf\">economic degrowth<\/a><\/b>, englische \u00dcbersetzung des Impulspapiers f\u00fcr den Degrowth-Kongress September 2014 in Leipzig (mit Dagmar Paternoga)<\/p>\n<\/div>\n<\/div>\n<div id=\"con-mitte-left\">\n<div id=\"c557\" class=\"csc-default\">\n<p>Glaubt man, was tagt\u00e4glich von Politik, Medien und Wirtschaftswissenschaft verk\u00fcndet wird, dann ist es keine Frage. Wie zu Zeiten von Margaret Thatcher und Gerhard Schr\u00f6der gibt es auch heute keine Alternative:\u00a0<b><a class=\"download\" title=\"Initiates file download\" href=\"\/fileadmin\/user_upload\/Autor\/postwachstum\/Ohne_Wachstum_kein_Wohlstand.pdf\">Ohne Wachstum kein Wohlstand!<\/a><\/b>\u00a0 Kommentar in &#8222;Interesse&#8220; 2014\/2, hrsg. von der Di\u00f6zese Linz<\/p>\n<\/div>\n<\/div>\n<div id=\"con-mitte-left\">\n<div id=\"c534\" class=\"csc-default\">\n<p><a class=\"download\" title=\"Initiates file download\" href=\"\/fileadmin\/user_upload\/Autor\/postwachstum\/bge__Gleichheit__Schrumpfung.pdf\"><b>Wachstumskritik braucht ein Grundeinkommen<\/b><\/a>\u00a0als Einstieg ein eine andere Gesellschaftlichkeit. Damit k\u00f6nnte angstfrei dar\u00fcber diskutiert werden, welche G\u00fcter und Dienstleistungen denn notwendig w\u00e4ren f\u00fcr ein gutes Leben und wie wir sie produzieren wollen.<\/p>\n<\/div>\n<\/div>\n<div id=\"con-mitte-left\">\n<div id=\"c381\" class=\"csc-default\">\n<p><b>Bedingungsloses Grundeinkommen und Wachstumskritik<\/b>,\u00a0<a class=\"download\" title=\"Initiates file download\" href=\"\/fileadmin\/user_upload\/Autor\/postwachstum\/bge-Wachstum-thesen_netzwerk.pdf\">Thesen\u00a0<\/a>f\u00fcr das Netzwerk Grundeinkommen Mai 2011<\/p>\n<\/div>\n<\/div>\n<div id=\"con-mitte-left\">\n<div id=\"c380\" class=\"csc-default\">\n<p>Die Welt ist voll von Dingen, die keineR braucht, aber\u00a0<b>a<\/b><b>lle individuellen Verzichts- und Sparappelle sind sinnlos<\/b>.\u00a0Auf dieses Problem gibt es systematisch nur kollektive,\u00a0<a class=\"download\" title=\"Initiates file download\" href=\"\/fileadmin\/user_upload\/Autor\/postwachstum\/podium_kongress.pdf\">gemeinsame Antworten<\/a>, Redebeitrag Kongress Jenseits des Wachstums Mai 2011 in Berlin<\/p>\n<p>Statt Verdammung &#8222;falscher&#8220; Bed\u00fcrfnisse: <a href=\"http:\/\/www.werner-raetz.de\/wp-content\/uploads\/2021\/07\/statt-verdammung-falscher-bed\u00fcrfnisse.pdf\">Demokratische Debatte \u00fcber Inhalt und Gestalt der Produktion<\/a>. Es gibt keine falschen Bed\u00fcrfnisse!, Beitrag (gemeinsam mit Doris Meisterernst und Dagmar Paternoga) zum Buch Werner R\u00e4tz, Tanja von Egan-Krieger u. A. (Hrsg.),\u00a0 Ausgewachsen! \u00d6kologische Gerechtigkeit. Soziale Rechte. Gutes Leben, Hamburg 2011<\/p>\n<p><b>Soziale Sicherheit ist Voraussetzung<\/b>\u00a0f\u00fcr wirtschaftliche Schrumpfung,\u00a0<a class=\"download\" title=\"Initiates file download\" href=\"\/fileadmin\/user_upload\/Autor\/postwachstum\/soziale_sicherheit___schrumpfung_contraste.pdf\">contraste<\/a>\u00a0April 2011<\/p>\n<\/div>\n<\/div>\n<div id=\"con-mitte-left\">\n<div id=\"c379\" class=\"csc-default\">\n<p><b>Atomechnologie ist eine\u00a0<a class=\"download\" title=\"Initiates file download\" href=\"\/fileadmin\/user_upload\/Autor\/postwachstum\/moerderische_Technologie.pdf\">m\u00f6rderische Technologie<\/a><\/b>, ihre ersatzlose Beseitigung schrumpft die Wirtschaft und schadet niemandem, Redebeitrag Fukushima-Kundgebung 19.3.2011 in Frankfurt<\/p>\n<\/div>\n<\/div>\n<div id=\"con-mitte-left\">\n<div id=\"c533\" class=\"csc-default\">\n<p>Ein\u00a0<b>bedingungsloses Grundeinkommen<\/b>\u00a0ist notwendiger Bestandteil einer ok\u00f6nomischen Schrumpfungsstrategie und h\u00e4tte\u00a0<a href=\"\/fileadmin\/user_upload\/Autor\/postwachstum\/Wachstumsktitik_und_Grundeinkommen.pdf\"><b>wachstumssenkende Wirkungen<\/b><\/a>, Diskussionsbeitrag Februar 2011<\/p>\n<\/div>\n<\/div>\n","protected":false},"excerpt":{"rendered":"<p>Die materiale Seite der Kapitalakkumulation,\u00a0Skizze f\u00fcr einen Beitrag zu einer Diskussionsrunde der Attac-Kampagnengruppe RohstoffEnergieHunger stoppen, November 2025 Die Klimakleber bringen Urlauber auf die Palme, Leserbrief an den Bonner Generalanzeiger, gek\u00fcrzt und bearbeitet am 27.7. 2024 ver\u00f6ffentlicht Societal working relations, individual working hours, basic income and degrowth. Input workshop during UBIE conference &#8222;basic income and degrowth&#8220;&#8230;<\/p>\n","protected":false},"author":2,"featured_media":0,"parent":26,"menu_order":0,"comment_status":"closed","ping_status":"closed","template":"","meta":{"footnotes":""},"class_list":["post-42","page","type-page","status-publish","hentry"],"_links":{"self":[{"href":"https:\/\/www.werner-raetz.de\/index.php?rest_route=\/wp\/v2\/pages\/42","targetHints":{"allow":["GET"]}}],"collection":[{"href":"https:\/\/www.werner-raetz.de\/index.php?rest_route=\/wp\/v2\/pages"}],"about":[{"href":"https:\/\/www.werner-raetz.de\/index.php?rest_route=\/wp\/v2\/types\/page"}],"author":[{"embeddable":true,"href":"https:\/\/www.werner-raetz.de\/index.php?rest_route=\/wp\/v2\/users\/2"}],"replies":[{"embeddable":true,"href":"https:\/\/www.werner-raetz.de\/index.php?rest_route=%2Fwp%2Fv2%2Fcomments&post=42"}],"version-history":[{"count":6,"href":"https:\/\/www.werner-raetz.de\/index.php?rest_route=\/wp\/v2\/pages\/42\/revisions"}],"predecessor-version":[{"id":4374,"href":"https:\/\/www.werner-raetz.de\/index.php?rest_route=\/wp\/v2\/pages\/42\/revisions\/4374"}],"up":[{"embeddable":true,"href":"https:\/\/www.werner-raetz.de\/index.php?rest_route=\/wp\/v2\/pages\/26"}],"wp:attachment":[{"href":"https:\/\/www.werner-raetz.de\/index.php?rest_route=%2Fwp%2Fv2%2Fmedia&parent=42"}],"curies":[{"name":"wp","href":"https:\/\/api.w.org\/{rel}","templated":true}]}}