{"id":34,"date":"2020-01-05T16:57:30","date_gmt":"2020-01-05T16:57:30","guid":{"rendered":"https:\/\/werner.nico-wehnemann.de\/?page_id=34"},"modified":"2024-10-07T13:05:22","modified_gmt":"2024-10-07T11:05:22","slug":"glob-soz-rechte","status":"publish","type":"page","link":"https:\/\/www.werner-raetz.de\/?page_id=34","title":{"rendered":"Glob. Soz. Rechte"},"content":{"rendered":"<div id=\"con-mitte-left\">\n<div id=\"c684\" class=\"csc-default\">\n<p><a href=\"https:\/\/care-revolution.org\/wp-content\/uploads\/2024\/10\/AG-Zeitsouveraenitaet-Zeitsouveraenitaet-fuer-alle.pdf\"><strong>Zeitsouver\u00e4nit\u00e4t \u2013 f\u00fcr alle!<\/strong><\/a> Erwerbsarbeitszeitverk\u00fcrzung emanzipatorisch, solidarisch und transformativ gedacht \u2013 und gemacht, Brosch\u00fcre der AG Zeitsouver\u00e4nit\u00e4t beim <a href=\"https:\/\/care-revolution.org\/\">Netzwerk Care-Revolution<\/a> September 2024 (mit Ronald Blaschke, Elfriede Harth und Dagmar Paternoga)<\/p>\n<p><a class=\"download\" title=\"Initiates file download\" href=\"\/fileadmin\/user_upload\/Autor\/gsr\/postkolonialismus_und_Friede.pdf\"><strong>Postkolonialismus und Friede<\/strong><\/a>, Artikel im &#8222;Friedensforum&#8220; 5\/19<\/p>\n<\/div>\n<\/div>\n<div id=\"con-mitte-left\">\n<div id=\"c600\" class=\"csc-default\">\n<p><a class=\"external-link-new-window\" title=\"Opens external link in new window\" href=\"http:\/\/www.attac.de\/uploads\/media\/Attac_Rundbrief_2016_2.pdf\" target=\"_blank\" rel=\"noopener noreferrer\"><strong>Welcome2stay<\/strong><\/a>. Gipfeltreffen f\u00fcr Willkommen, Solidarit\u00e4t und Antirassismus, Attac-Rundbrief 2 2016 (zusammen mit Veronika Czech)<\/p>\n<\/div>\n<\/div>\n<div id=\"con-mitte-left\">\n<div id=\"c349\" class=\"csc-default\">\n<p><a class=\"download\" title=\"Initiates file download\" href=\"\/fileadmin\/user_upload\/Autor\/gsr\/ABC_Alternativen_gsr_II.pdf\"><strong>Globale Soziale Rechte<\/strong><\/a>, Stichwort im\u00a0 ABC der Alternativen 2011<\/p>\n<\/div>\n<\/div>\n<div id=\"con-mitte-left\">\n<div id=\"c350\" class=\"csc-default\">\n<p><a class=\"download\" title=\"Initiates file download\" href=\"\/fileadmin\/user_upload\/Autor\/gsr\/infrastruktur_ak.pdf\"><strong>Soziale Infrastruktu<\/strong><\/a><strong>r<\/strong> als Kern einer bedarfsorientierten \u00d6konomie, Vortrag in T\u00fcbingen 2011<\/p>\n<\/div>\n<\/div>\n<div id=\"con-mitte-left\">\n<div id=\"c396\" class=\"csc-default\">\n<p><a class=\"download\" title=\"Initiates file download\" href=\"\/fileadmin\/user_upload\/Autor\/gsr\/Demokratei___Eigentum.pdf\"><strong>Demokratie und Eigentum<\/strong><\/a>\u00a0Es geht darum, die politischen Verh\u00e4ltnisse aktiv so zu gestalten, dass Menschen soziale Rechte nicht nur haben, sondern auch durchsetzen k\u00f6nnen. Diskussion im Rat von\u00a0<i>attac<\/i>\u00a0Deutschland 2010<\/p>\n<\/div>\n<\/div>\n<div id=\"con-mitte-left\">\n<div id=\"c347\" class=\"csc-default\">\n<div class=\"indent\">\n<p><a class=\"download\" title=\"Initiates file download\" href=\"\/fileadmin\/user_upload\/Autor\/gsr\/Demokratie_und_soziale_Frage.pdf\"><strong>Demokratie und soziale Frage<\/strong><\/a>\u00a0sind f\u00fcr das Gl\u00fccklichsein untrennbar verbunden, 2010<\/p>\n<\/div>\n<\/div>\n<\/div>\n<div id=\"con-mitte-left\">\n<div id=\"c348\" class=\"csc-default\">\n<p><strong>Globale Soziale Rechte und\u00a0<a class=\"download\" title=\"Initiates file download\" href=\"\/fileadmin\/user_upload\/Autor\/gsr\/gsr_und_Krise.pdf\">Krise<\/a><\/strong>, Input Attac-Ratschlag D\u00fcsseldorf Herbst 2008<\/p>\n<p>Was halten Sie vom Konzept des <em><strong><a href=\"http:\/\/www.werner-raetz.de\/wp-content\/uploads\/2022\/01\/homo-oeconomicus.pdf\">homo oeconomicus<\/a><\/strong>?<\/em> Interview mit &#8222;Widerspruch&#8220; Sommer 2008<\/p>\n<\/div>\n<\/div>\n<div id=\"con-mitte-left\">\n<div id=\"c346\" class=\"csc-default\">\n<p><strong>Welche Produkte und Dienstleistungen sind<a class=\"download\" title=\"Initiates file download\" href=\"\/fileadmin\/user_upload\/Autor\/gsr\/welche_produkte.pdf\">\u00a0Not-wendig<\/a><\/strong>, wenden die Not, f\u00fcr ein gutes Leben, B\u00fcndnis gsr 2008<\/p>\n<\/div>\n<\/div>\n<div id=\"con-mitte-left\">\n<div id=\"c345\" class=\"csc-default\">\n<p><strong>Globale Soziale Rechte verlangen\u00a0<a class=\"download\" title=\"Initiates file download\" href=\"\/fileadmin\/user_upload\/Autor\/gsr\/KBD07_gsr_Aneignung.pdf\">Aneignungspraxen<\/a><\/strong>, 2007 (Buchbeitrag\u00a0<a href=\"http:\/\/www.vsa-verlag.de\/nc\/detail\/artikel\/globale-soziale-rechte\/\" target=\"_blank\" rel=\"noopener noreferrer\">http:\/\/www.vsa-verlag.de\/nc\/detail\/artikel\/globale-soziale-rechte\/<\/a>\u00a0)<\/p>\n<\/div>\n<\/div>\n<div id=\"con-mitte-left\">\n<div id=\"c545\" class=\"csc-default\">\n<p>F\u00fcnfzehn Thesen zur vorl\u00e4ufigen Beantwortung der Frage, wie man in nahezu aussichtsloser Lage wenigstens\u00a0<a class=\"download\" title=\"Initiates file download\" href=\"\/fileadmin\/user_upload\/Autor\/gsr\/15_thesen_Richtungsforderungen.pdf\"><strong>eine andere Richtung<\/strong><\/a>\u00a0einschl\u00e4gt, 2005 (mit Thomas Seibert), Buchbeitrag aus Andreas Exner u.a.,<a class=\"external-link-new-window\" title=\"Opens external link in new window\" href=\"http:\/\/www.unrast-verlag.de\/gesamtprogramm\/allgemeines-programm\/politik-gesellschaft\/losarbeiten-arbeitslos-211-detail\" target=\"_blank\" rel=\"noopener noreferrer\">\u00a0Losarbeiten \u2013 Arbeitslos?<\/a>, Unrast Velag<\/p>\n<\/div>\n<\/div>\n","protected":false},"excerpt":{"rendered":"<p>Zeitsouver\u00e4nit\u00e4t \u2013 f\u00fcr alle! Erwerbsarbeitszeitverk\u00fcrzung emanzipatorisch, solidarisch und transformativ gedacht \u2013 und gemacht, Brosch\u00fcre der AG Zeitsouver\u00e4nit\u00e4t beim Netzwerk Care-Revolution September 2024 (mit Ronald Blaschke, Elfriede Harth und Dagmar Paternoga) Postkolonialismus und Friede, Artikel im &#8222;Friedensforum&#8220; 5\/19 Welcome2stay. Gipfeltreffen f\u00fcr Willkommen, Solidarit\u00e4t und Antirassismus, Attac-Rundbrief 2 2016 (zusammen mit Veronika Czech) Globale Soziale Rechte, Stichwort&#8230;<\/p>\n","protected":false},"author":2,"featured_media":0,"parent":26,"menu_order":0,"comment_status":"closed","ping_status":"closed","template":"","meta":{"footnotes":""},"class_list":["post-34","page","type-page","status-publish","hentry"],"_links":{"self":[{"href":"https:\/\/www.werner-raetz.de\/index.php?rest_route=\/wp\/v2\/pages\/34","targetHints":{"allow":["GET"]}}],"collection":[{"href":"https:\/\/www.werner-raetz.de\/index.php?rest_route=\/wp\/v2\/pages"}],"about":[{"href":"https:\/\/www.werner-raetz.de\/index.php?rest_route=\/wp\/v2\/types\/page"}],"author":[{"embeddable":true,"href":"https:\/\/www.werner-raetz.de\/index.php?rest_route=\/wp\/v2\/users\/2"}],"replies":[{"embeddable":true,"href":"https:\/\/www.werner-raetz.de\/index.php?rest_route=%2Fwp%2Fv2%2Fcomments&post=34"}],"version-history":[{"count":3,"href":"https:\/\/www.werner-raetz.de\/index.php?rest_route=\/wp\/v2\/pages\/34\/revisions"}],"predecessor-version":[{"id":3928,"href":"https:\/\/www.werner-raetz.de\/index.php?rest_route=\/wp\/v2\/pages\/34\/revisions\/3928"}],"up":[{"embeddable":true,"href":"https:\/\/www.werner-raetz.de\/index.php?rest_route=\/wp\/v2\/pages\/26"}],"wp:attachment":[{"href":"https:\/\/www.werner-raetz.de\/index.php?rest_route=%2Fwp%2Fv2%2Fmedia&parent=34"}],"curies":[{"name":"wp","href":"https:\/\/api.w.org\/{rel}","templated":true}]}}