{"id":28,"date":"2020-01-05T16:50:30","date_gmt":"2020-01-05T16:50:30","guid":{"rendered":"https:\/\/werner.nico-wehnemann.de\/?page_id=28"},"modified":"2025-09-18T14:49:53","modified_gmt":"2025-09-18T12:49:53","slug":"attac","status":"publish","type":"page","link":"https:\/\/www.werner-raetz.de\/?page_id=28","title":{"rendered":"Attac"},"content":{"rendered":"<div id=\"con-mitte-left\">\n<div id=\"c654\" class=\"csc-default\">\n<p><a href=\"http:\/\/www.werner-raetz.de\/wp-content\/uploads\/2025\/09\/globalisierung-am-ende_rat.pdf\"><strong>Globalisierung am Ende?<\/strong><\/a> Text auf Grundlage von Diskussionen in der Kampagnengruppe RohstoffEnergieHunger stoppen! zur Initiierung einer Diskussion im Attac Rat; September 2025<\/p>\n<p><strong><a href=\"http:\/\/www.werner-raetz.de\/wp-content\/uploads\/2022\/04\/gfa-falsche-opposition.pdf\">Nicht jede Opposition gegen falsche staatliche Politik ist zu begr\u00fc\u00dfen.<\/a><\/strong> Text f\u00fcr die Attac AG genug f\u00fcr alle zum Attac-Fr\u00fchjahrsratschlag im April 2022<\/p>\n<p><a href=\"http:\/\/www.werner-raetz.de\/wp-content\/uploads\/2022\/02\/Junfernstieg-22_2.pdf\"><strong>Wie macht man es den Rechten einfach?<\/strong><\/a> Maildiskussion zum Auftritte der AG Gesundheit von Attac Hamburg bei einer rechtsradikal durchsetzten Kundgebung am 5.2.2022<\/p>\n<p><b><a href=\"http:\/\/www.werner-raetz.de\/wp-content\/uploads\/2021\/03\/Attac-nicht-rechten-\u00fcberlassen.pdf\">Attac nicht den Rechten \u00fcberlassen!<\/a> <\/b>Beim Fr\u00fchjahrsratschlag am 20. und 21. M\u00e4rz 2021 ist sehr deutlich geworden, wie tief Attac Deutschland gespalten ist.<\/p>\n<p><a href=\"http:\/\/www.werner-raetz.de\/wp-content\/uploads\/2020\/08\/soziales-und-globalisierung.pdf\"><strong>Die soziale Frage ist der Kern aller Globalisierungskritik<\/strong><\/a>, Statement Pressekonferenz &#8222;Zukunft f\u00fcr alle&#8220; 25.8.2020<\/p>\n<p><a href=\"https:\/\/freihandelpressespiegel.com\/2020\/02\/18\/mit-der-orientierung-auf-profite-brechen\/#more-5561\"><strong>Mit der Orientierung auf Profite brechen<\/strong><\/a>. Interview mit der Jungen Welt am 18.2.2020 zum 20-j\u00e4hrigen Bestehen von Attac D<\/p>\n<p><a href=\"https:\/\/www.hr-inforadio.de\/programm\/das-thema\/20-jahre-attac-was-haben-die-globalisierungskritiker-erreicht,attac-108.html\"><strong>20 Jahre Attac<\/strong><\/a>. Was haben die Globalisierungskritiker erreicht? Sendung des Hessichen Rundfunks am 22.1.2020<\/p>\n<p><a href=\"https:\/\/www.teckbote.de\/startseite_artikel,-globalisierung-kommt-nicht-einfach-ueber-die-menschen-_arid,105722.html\"><strong>Globalisierung kommt nicht einfach so \u00fcber die Menschen<\/strong><\/a>. Werner R\u00e4tz stellt die Arbeit von Attac in der Kirchheimer Stadthalle vor. 7.4.2017<\/p>\n<p><a class=\"download\" title=\"Initiates file download\" href=\"\/fileadmin\/user_upload\/Autor\/attac\/Grenzen_der_Offenheit_2002.pdf\"><strong>Grenzen der Offenheit<\/strong><\/a>. Eine Klarstellung, Diskussionspapier des Attac-Koordinierungskreises zu Antisemtismus, Rassismus und Nationalismus, Dezember 2002<\/p>\n<\/div>\n<\/div>\n<div id=\"con-mitte-left\">\n<div id=\"c553\" class=\"csc-default\">\n<p>Europawahlen 2014:\u00a0<a class=\"download\" title=\"Initiates file download\" href=\"\/fileadmin\/user_upload\/Autor\/attac\/europawahl_attac_rundbrief.pdf\"><b>Das Feld nicht den Rechten \u00fcberlassen<\/b><\/a>\u00a0Kommentar Attac-Rundbrief 2-14<\/p>\n<\/div>\n<\/div>\n<div id=\"con-mitte-left\">\n<div id=\"c552\" class=\"csc-default\">\n<p><a class=\"download\" title=\"Initiates file download\" href=\"\/fileadmin\/user_upload\/Autor\/attac\/Die_AfD_vor_der_Europawahl.pdf\"><b>Die AfD hat vor den Europawahlen<\/b><\/a>\u00a0einiges von der Aufmerksamkeit eingeb\u00fc\u00dft, die sie vormals auch in Teilen des globalisierungskritischen Lagers gefunden hatte, weil sie einige autorit\u00e4re Begleiterscheinungen des europ\u00e4ischen Krisenregimes anprangerte. Diese Partei kann keinesfalls B\u00fcndnispartner emanzipatorischer Politik sein. Ein paar Argumente zum Charakter der Organisation, die in der Auseinandersetzung n\u00fctzlich sein k\u00f6nnen. Beitrag zum\u00a0<a class=\"external-link-new-window\" title=\"Opens external link in new window\" href=\"http:\/\/theorieblog.attac.de\/die-afd-vor-der-europawahl\/#more-135\" target=\"_blank\" rel=\"noopener noreferrer\">Attac-Theorieblog<\/a><\/p>\n<\/div>\n<\/div>\n<div id=\"con-mitte-left\">\n<div id=\"c524\" class=\"csc-default\">\n<p><b><a class=\"download\" title=\"Initiates file download\" href=\"\/fileadmin\/user_upload\/Autor\/attac\/Zum_Wahlergebnis_der_AfD.pdf\">Zum Wahlergebnis der AfD<\/a>\u00a0<\/b>habe ich in einem Vortrag in Offenbach ausf\u00fchrlich Stellung genommen. Erkl\u00e4rend zur entsprechenden Pr\u00e4sentation weist der folgende Text darauf hin, dass die AfD massive Elemente des Rechtspopulismus hat und sie sehr bewusst mit Elementen des Rechtsextremismus spielt.<\/p>\n<\/div>\n<\/div>\n<div id=\"con-mitte-left\">\n<div id=\"c315\" class=\"csc-default\">\n<p><b>Strategische Interventionsm\u00f6glichkeiten\u00a0<\/b>im Feld des Sozialen erfordern Einsicht in den Charakter der Krise, Statement auf dem Herstratschlag 2010 in Dresden\u00a0\u00a0<a class=\"download\" title=\"Initiates file download\" href=\"\/fileadmin\/user_upload\/Autor\/attac\/Umverteilen_Dresden_2010.pdf\">mehr<\/a><\/p>\n<\/div>\n<\/div>\n<div id=\"con-mitte-left\">\n<div id=\"c657\" class=\"csc-default\">\n<p><a class=\"download\" title=\"Initiates file download\" href=\"\/fileadmin\/user_upload\/Autor\/attac\/attac_BdW.pdf\"><b>Attac<\/b><\/a>\u00a0 Beitrag zu Geschichte und Rolle von Attac Deutschland 2010<\/p>\n<\/div>\n<\/div>\n<div id=\"con-mitte-left\">\n<div id=\"c428\" class=\"csc-default\">\n<p><b>Das Leben den Kapitalkreisl\u00e4ufen entziehen<\/b>, Eine von &#8222;zehn von vielen&#8220; Perspektiven auf Attac, 2010\u00a0\u00a0\u00a0<a class=\"download\" title=\"Initiates file download\" href=\"\/fileadmin\/user_upload\/Autor\/attac\/attac_10_von_zehn.pdf\">mehr<\/a><\/p>\n<\/div>\n<\/div>\n<div id=\"con-mitte-left\">\n<div id=\"c316\" class=\"csc-default\">\n<p><b>W\u00e4re die Welt ohne Attac anders?\u00a0<\/b>Kommentar jungle world Januar 2010<b>\u00a0<\/b>\u00a0\u00a0<a class=\"download\" title=\"Initiates file download\" href=\"\/fileadmin\/user_upload\/Autor\/attac\/10_Jahre_attac_jungle.pdf\">mehr<\/a><\/p>\n<p><strong><a href=\"http:\/\/www.werner-raetz.de\/wp-content\/uploads\/2023\/02\/Attac-D-zur-Sicherung-des-Sozialen.pdf\">Attac D zur Sicherung des Sozialen<\/a><\/strong>, \u00dcberlegung zur Krisenarbeit 2008\/2009<\/p>\n<\/div>\n<\/div>\n<div id=\"con-mitte-left\">\n<div id=\"c314\" class=\"csc-default\">\n<p><b>Strukturen und B\u00fcndisf\u00e4higkeit\u00a0<\/b>\u00a0Attacs Rolle in der Bewegung h\u00e4ngt von den eigenen Strukturen ab, Statement auf dem Herbstratschlag in Gladbeck 2007\u00a0\u00a0<a class=\"download\" title=\"Initiates file download\" href=\"\/fileadmin\/user_upload\/Autor\/attac\/Strukturen_und_Buendnisfaehigkeit.pdf\">mehr<\/a><\/p>\n<\/div>\n<\/div>\n<div id=\"con-mitte-left\">\n<div id=\"c481\" class=\"csc-default\">\n<p><b>&#8222;Keine Gewalt!&#8220; ist auch keine L\u00f6sung<\/b>. Die Frage angemessener Aktionsformen, oft polemisch als &#8222;Gewaltfrage&#8220; gestellt, begleitet Attac seit von Beginn an. Sie wird immer wieder neu diskutiert und kann nur beantwortet wrden, wenn sie nicht in dieser allgemeinen Weise gestellt wird. Drei exemplarische Texte.\u00a0<a class=\"download\" title=\"Initiates file download\" href=\"\/fileadmin\/user_upload\/Aktivist\/Texte\/Keine_Gewalt_ist_auch_keine_Loesung.pdf\">mehr<\/a><\/p>\n<p><b><a href=\"http:\/\/www.werner-raetz.de\/wp-content\/uploads\/2020\/11\/AWWO-kritik.pdf\">Eine &#8222;alternative Weltwirtschaftsorndnung&#8220; ist eine sinnleere Idee<\/a>. <\/b>Auf dem Hamburger Ratschlag Ende Oktober 2004 wurde von der Redaktionsgruppe \u201eAlternative Weltwirtschaftsordnung\u201c (AWWO) als Ergebnis eines l\u00e4ngeren Beratungsprozesses ein Diskussionspapier vorgelegt. Einzelne von uns hatten sehr fr\u00fch zu Beginn des Diskussionsprozesses um die AWWO Bedenken eingebracht, die sich auf die gesamt Richtung des Projekts bezogen.<\/p>\n<\/div>\n<\/div>\n<div id=\"con-mitte-left\">\n<div id=\"c423\" class=\"csc-default\">\n<p><b>Attac ist der sehr spezifische Versuch<\/b>, h\u00f6chst verschiedene Akteure in einer produktiv-verst\u00f6renden Weise dauerhaft in eine instabile Zusammenarbeit einzubinden. Immer noch aktuelle \u00dcberlegungen in einer Mail aus dem Jahr 2004 an einen Mitaktivisten in Attac.\u00a0\u00a0\u00a0<a class=\"download\" title=\"Initiates file download\" href=\"\/fileadmin\/user_upload\/Autor\/attac\/Attac-Spezifica.pdf\">mehr<\/a><\/p>\n<\/div>\n<\/div>\n<div id=\"con-mitte-left\">\n<div id=\"c441\" class=\"csc-default\">\n<p><b>Ist zwei und zwei vier?<\/b>\u00a0Zum Streit um Antisemitismus in attac. Bericht aus a &amp; k 477, Oktober 2003\u00a0\u00a0<a class=\"download\" title=\"Initiates file download\" href=\"\/fileadmin\/user_upload\/Autor\/attac\/akAntisemitismus.pdf\">mehr<\/a><b><\/b><\/p>\n<p><b>&#8222;Pfui Reformismus!&#8220;?? <\/b>Warum Attac auch f\u00fcr die Linke wichtig ist, analyse &amp; kritik,\u00a0 November 2001\u00a0\u00a0<a class=\"download\" title=\"Initiates file download\" href=\"\/fileadmin\/user_upload\/Autor\/attac\/pfui_reformismus.pdf\">mehr<\/a><\/p>\n<\/div>\n<\/div>\n","protected":false},"excerpt":{"rendered":"<p>Globalisierung am Ende? Text auf Grundlage von Diskussionen in der Kampagnengruppe RohstoffEnergieHunger stoppen! zur Initiierung einer Diskussion im Attac Rat; September 2025 Nicht jede Opposition gegen falsche staatliche Politik ist zu begr\u00fc\u00dfen. Text f\u00fcr die Attac AG genug f\u00fcr alle zum Attac-Fr\u00fchjahrsratschlag im April 2022 Wie macht man es den Rechten einfach? Maildiskussion zum Auftritte&#8230;<\/p>\n","protected":false},"author":2,"featured_media":0,"parent":26,"menu_order":0,"comment_status":"closed","ping_status":"closed","template":"","meta":{"footnotes":""},"class_list":["post-28","page","type-page","status-publish","hentry"],"_links":{"self":[{"href":"https:\/\/www.werner-raetz.de\/index.php?rest_route=\/wp\/v2\/pages\/28","targetHints":{"allow":["GET"]}}],"collection":[{"href":"https:\/\/www.werner-raetz.de\/index.php?rest_route=\/wp\/v2\/pages"}],"about":[{"href":"https:\/\/www.werner-raetz.de\/index.php?rest_route=\/wp\/v2\/types\/page"}],"author":[{"embeddable":true,"href":"https:\/\/www.werner-raetz.de\/index.php?rest_route=\/wp\/v2\/users\/2"}],"replies":[{"embeddable":true,"href":"https:\/\/www.werner-raetz.de\/index.php?rest_route=%2Fwp%2Fv2%2Fcomments&post=28"}],"version-history":[{"count":15,"href":"https:\/\/www.werner-raetz.de\/index.php?rest_route=\/wp\/v2\/pages\/28\/revisions"}],"predecessor-version":[{"id":4285,"href":"https:\/\/www.werner-raetz.de\/index.php?rest_route=\/wp\/v2\/pages\/28\/revisions\/4285"}],"up":[{"embeddable":true,"href":"https:\/\/www.werner-raetz.de\/index.php?rest_route=\/wp\/v2\/pages\/26"}],"wp:attachment":[{"href":"https:\/\/www.werner-raetz.de\/index.php?rest_route=%2Fwp%2Fv2%2Fmedia&parent=28"}],"curies":[{"name":"wp","href":"https:\/\/api.w.org\/{rel}","templated":true}]}}