{"id":26,"date":"2020-01-05T16:49:08","date_gmt":"2020-01-05T16:49:08","guid":{"rendered":"https:\/\/werner.nico-wehnemann.de\/?page_id=26"},"modified":"2020-01-05T16:49:08","modified_gmt":"2020-01-05T16:49:08","slug":"der-autor","status":"publish","type":"page","link":"https:\/\/www.werner-raetz.de\/?page_id=26","title":{"rendered":"Der Autor"},"content":{"rendered":"<div id=\"con-mitte-left\">\n<div id=\"c232\" class=\"csc-default\">\n<h1>Wie kann ich wissen, was ich denke, ehe ich lese, was ich geschrieben habe<\/h1>\n<p>fragte mich vor langer Zeit ein Freund. Ich neigte damals eher zur umgekehrten Aussage: &#8222;Wie kann ich wissen, was ich denke, ehe ich h\u00f6re, was ich sage?&#8220; Beides aber macht deutlich, dass denken nicht recht gelingen will, ohne es zu teilen. Also halte ich nicht nur Vortr\u00e4ge, sondern schreibe auch.<\/p>\n<p>Viele Texte findet ihr hier, die meisten nach Themen geordnet und innerhalb der Themen nach Entstehungsdatum, die jeweils j\u00fcngsten zuoberst. Einges steht unter Aktivist\/Texte zu Bewegungsfragen, die Texte\/B\u00fccher, die unter \u00a9 erschienen sind, k\u00f6nnen hier leider nicht stehen. Aber es gibt bibliografische Hinweise darauf. Lesungen mit den B\u00fcchern sind m\u00f6glich.<\/p>\n<p>&nbsp;<\/p>\n<p>&nbsp;<\/p>\n<\/div>\n<\/div>\n<div id=\"con-mitte-left\">\n<div id=\"c231\" class=\"csc-default\">\n<h1>Die Ausstellung Bedingungsloses Grundeinkommen<\/h1>\n<p>ist im Buch &#8222;Bedingungsloses Grundeinkommen. Woher, wozu und wohin?&#8220; aus dem AG-SPAK-Verlag dokumentiert. Es gibt sie in zwei Exemplaren zum Ausleihen und sie steht auch als pdf auf der Webseite der<a class=\"external-link-new-window\" title=\"Opens external link in new window\" href=\"http:\/\/grundeinkommen-attac.de\/index.php?id=4293\" target=\"_blank\" rel=\"noopener noreferrer\">\u00a0Attac AG genug f\u00fcr alle<\/a>\u00a0zur Ansicht. Der Verlag hat das \u00a9 bei uns Autoren gelassen, sodass Texte daraus nach R\u00fccksprache mit uns verf\u00fcgbar gemacht werden k\u00f6nnen. Hardy Krampertz, mein Mitautor, oder ich kommen sehr gerne auch zu Vortr\u00e4gen dorthin, wo die Ausstellung gezeigt wird.<\/p>\n<\/div>\n<\/div>\n","protected":false},"excerpt":{"rendered":"<p>Wie kann ich wissen, was ich denke, ehe ich lese, was ich geschrieben habe fragte mich vor langer Zeit ein Freund. Ich neigte damals eher zur umgekehrten Aussage: &#8222;Wie kann ich wissen, was ich denke, ehe ich h\u00f6re, was ich sage?&#8220; Beides aber macht deutlich, dass denken nicht recht gelingen will, ohne es zu teilen&#8230;.<\/p>\n","protected":false},"author":2,"featured_media":0,"parent":0,"menu_order":0,"comment_status":"closed","ping_status":"closed","template":"","meta":{"footnotes":""},"class_list":["post-26","page","type-page","status-publish","hentry"],"_links":{"self":[{"href":"https:\/\/www.werner-raetz.de\/index.php?rest_route=\/wp\/v2\/pages\/26","targetHints":{"allow":["GET"]}}],"collection":[{"href":"https:\/\/www.werner-raetz.de\/index.php?rest_route=\/wp\/v2\/pages"}],"about":[{"href":"https:\/\/www.werner-raetz.de\/index.php?rest_route=\/wp\/v2\/types\/page"}],"author":[{"embeddable":true,"href":"https:\/\/www.werner-raetz.de\/index.php?rest_route=\/wp\/v2\/users\/2"}],"replies":[{"embeddable":true,"href":"https:\/\/www.werner-raetz.de\/index.php?rest_route=%2Fwp%2Fv2%2Fcomments&post=26"}],"version-history":[{"count":0,"href":"https:\/\/www.werner-raetz.de\/index.php?rest_route=\/wp\/v2\/pages\/26\/revisions"}],"wp:attachment":[{"href":"https:\/\/www.werner-raetz.de\/index.php?rest_route=%2Fwp%2Fv2%2Fmedia&parent=26"}],"curies":[{"name":"wp","href":"https:\/\/api.w.org\/{rel}","templated":true}]}}